{"id":6404,"date":"2021-01-23T16:08:32","date_gmt":"2021-01-23T15:08:32","guid":{"rendered":"https:\/\/casatraca.com\/geral\/"},"modified":"2021-01-23T16:17:29","modified_gmt":"2021-01-23T15:17:29","slug":"geral","status":"publish","type":"page","link":"https:\/\/casatraca.com\/pt-pt\/geral\/","title":{"rendered":"Geral"},"content":{"rendered":"<p>Aqui pode encontrar os termos e <strong>condi\u00e7\u00f5es<\/strong> de <strong>Bed and Breakfast Casa Traca, Arganil, Central Portugal <\/strong><\/p>\n<h2>Geral<\/h2>\n<h3>1. Globalmente:<\/h3>\n<ul>\n<li>Estes Termos e Condi\u00e7\u00f5es aplicam-se a todos os utilizadores\/h\u00f3spedes da B&amp;B Casa Traca Valbona, Portugal<\/li>\n<li>Estes termos e condi\u00e7\u00f5es baseiam-se na entrada em vigor de uma reserva na B&amp;B Casa Traca.<\/li>\n<li>A pedido, fornecer-lhe-emos gratuitamente uma c\u00f3pia destes Termos e Condi\u00e7\u00f5es.<\/li>\n<li>O administrador n\u00e3o se responsabiliza por danos, perdas ou roubos de bens dos utilizadores. Em caso de lit\u00edgios, todos os custos (legais) s\u00e3o suportados pelos utilizadores.<\/li>\n<li>Todos os riscos relacionados com a perman\u00eancia na B&amp;B Casa Traca s\u00e3o \u00e0 custa dos utilizadores.<\/li>\n<li>Se surgirem danos e desaparecimentos de bens m\u00f3veis e im\u00f3veis da B&amp;B Casa Traca. Ent\u00e3o deve reportar imediatamente isto e reembolsar a B&amp;B Casa Traca<\/li>\n<li>Os utilizadores devem seguir as instru\u00e7\u00f5es do propriet\u00e1rio.<\/li>\n<li>O propriet\u00e1rio pode, em caso de viola\u00e7\u00e3o dos presentes Termos e Condi\u00e7\u00f5es e tamb\u00e9m em caso de comportamento impr\u00f3prio, negar e\/ou recusar o acesso \u00e0 B&amp;B Casa Traca com efeito imediato. Isto sem reembolso dos custos de alojamento. Isto pela discri\u00e7\u00e3o do propriet\u00e1rio.<\/li>\n<li>A administra\u00e7\u00e3o do administrador determina o desacordo m\u00fatuo, a menos que os utilizadores possam provar o contr\u00e1rio.<\/li>\n<li>Os utilizadores da B&amp;B Casa Traca devem aderir ao seguinte controlo dom\u00e9stico.<\/li>\n<\/ul>\n<h3>2. Reserva e confirma\u00e7\u00e3o<\/h3>\n<ul>\n<li>Voc\u00ea pode | o arrendamento livro oralmente, por telefone, por escrito ou por e-mail.<\/li>\n<li>Ap\u00f3s a rece\u00e7\u00e3o do seu pedido de reserva, a B&amp;B Casa Traca enviar-lhe-\u00e1 uma confirma\u00e7\u00e3o (lugar dispon\u00edvel. A reserva \u00e9 ent\u00e3o final!<\/li>\n<li>N\u00e3o h\u00e1 custos para reservar uma estadia.<\/li>\n<\/ul>\n<h3>3. Pagamento<\/h3>\n<ul>\n<li>As despesas de subsist\u00eancia de uma reserva devem ser creditadas a um dos seguintes n\u00fameros de conta banc\u00e1ria no prazo de 7 dias a contar da reserva, conforme indicado na fatura.<\/li>\n<li><strong>NL74RABO0175852545 ou PT50 0045 3454 4027 2445 7849 0 em nome de J. van der Zwan e\/o<\/strong><\/li>\n<li>Para reservas com data de chegada no prazo de 4 dias, pode pagar o valor total \u00e0 chegada. N\u00e3o pode haver uso de cart\u00e3o de cr\u00e9dito ou pagamento de d\u00e9bito.<\/li>\n<li>As tarifas podem ser encontradas no site da Casa Traca<\/li>\n<li>Pague imediatamente ap\u00f3s a reserva 50% do valor total, o restante valor, 50%, voc\u00ea deve pagar na chegada.<\/li>\n<\/ul>\n<h3>4a. Cancelamento<\/h3>\n<ul>\n<li>Se n\u00e3o puder honrar inesperadamente o contrato (reserva) deve dar a conhecer a B&amp;B Casa Traca o mais rapidamente poss\u00edvel. Isto para que a B&amp;B Casa Traca possa oferecer novamente o quarto(s) vago.<\/li>\n<li>Se voc\u00ea cancelar at\u00e9 um m\u00eas antes da chegada, o dep\u00f3sito ser\u00e1 reembolsado na totalidade, menos 10% da taxa total de reserva.<\/li>\n<li>Se o dep\u00f3sito for cancelado no prazo de 30 dias a contar da data de chegada, n\u00e3o haver\u00e1 reembolso do dep\u00f3sito. Por isso, paga 50% do pre\u00e7o acordado ao gestor.<\/li>\n<\/ul>\n<h3>4b. Cancelamento em Covid-19<\/h3>\n<p>Em rela\u00e7\u00e3o ao v\u00edrus Corona, Covid-19, temos algumas exce\u00e7\u00f5es \u00e0 nossa pol\u00edtica padr\u00e3o de cancelamento. Atualiza\u00e7\u00e3o 13 de novembro de 2020<\/p>\n<ul>\n<li>\n<div dir=\"auto\">Se houver um conselho de viagem negativo (c\u00f3digo vermelho ou laranja) para o Distrito de Arganil 14 dias antes da data de chegada, contacte-o. Neste caso, receber\u00e1 um voucher no valor da viagem j\u00e1 paga.<\/div>\n<div dir=\"auto\">Se desejar cancelar-se, a taxa de cancelamento ser\u00e1 aplicada de acordo com os nossos termos e condi\u00e7\u00f5es. Recomenda\u00e7\u00f5es de viagem negativas (c\u00f3digo vermelho ou laranja) aplicam-se:<\/div>\n<ul>\n<li>Se a Casa Traca n\u00e3o estiver autorizada a receber convidados do governo<\/li>\n<li>Se n\u00e3o for poss\u00edvel que possa vir \u00e0 Casa Traca por causa do governo, medidas governamentais.<\/li>\n<\/ul>\n<\/li>\n<li>Receber\u00e1 um voucher para este dep\u00f3sito. O e-mail de confirma\u00e7\u00e3o que recebe para isso aplica-se como o seu voucher. O voucher \u00e9 v\u00e1lido para estadias at\u00e9 31 de dezembro de 2021.<\/li>\n<li>Para reservas efetuadas usando o voucher, se desejar cancel\u00e1-lo, n\u00e3o haver\u00e1 reembolso do dep\u00f3sito. No entanto, pode voltar a mover a reserva desde que se encontre no final de 31 de dezembro de 2021.<\/li>\n<li>Em consulta, a data limite pode ser adiada.<\/li>\n<li>Em caso de cancelamentos devido ao v\u00edrus corona, os <a href=\"https:\/\/www.dgs.pt\/\" target=\"_blank\" rel=\"noopener noreferrer\">sites oficiais<\/a> do governo de Portugal s\u00e3o considerados a p\u00e1tria do h\u00f3spede.<\/li>\n<\/ul>\n<h2>5. Regras de procedimento no \u00e2mbito dos Termos e Condi\u00e7\u00f5es Gerais<\/h2>\n<ul>\n<li>\u00c0 chegada, receb\u00ea-lo-emos sempre pessoalmente. Deve identificar-se a pedido.m. uma identifica\u00e7\u00e3o v\u00e1lida. Se n\u00e3o \u00e9 residente portugu\u00eas, deve tamb\u00e9m preencher um formul\u00e1rio de check-in. Receber\u00e1 isto na chegada.<\/li>\n<li>No dia da chegada, pode fazer o check-in entre as 14:00 e as 19:00. Tamb\u00e9m pode fazer o check-in mais cedo ou mais tarde, a pedido, se tal for poss\u00edvel.<\/li>\n<li>No dia da partida esperamos ter o quarto dispon\u00edvel para arrendamentos de acompanhamento o mais tardar \u00e0s 11:00. Um check-out tardio tamb\u00e9m \u00e9 poss\u00edvel com um pequeno custo adicional e com base na disponibilidade.<\/li>\n<li>Em caso de partida antecipada, n\u00e3o ser\u00e1 feito qualquer reembolso.<\/li>\n<li>Servimos o pequeno-almo\u00e7o na hora acordada no conservat\u00f3rio.<\/li>\n<li>A polui\u00e7\u00e3o sonora, nomeadamente entre as 22:00 e as 07:00, deve ser evitada. Os portadores de som e similares n\u00e3o devem ser um inc\u00f3modo para os outros.<\/li>\n<li>Qualquer visitante aos nossos h\u00f3spedes n\u00e3o pode ficar no B&amp;B Casa Traca sem a permiss\u00e3o do propriet\u00e1rio e sem pagamento adicional.<\/li>\n<li>Os ve\u00edculos podem ser estacionados nos lugares de estacionamento junto \u00e0 cama e caf\u00e9 da manh\u00e3.<\/li>\n<li>Os animais de estima\u00e7\u00e3o s\u00e3o limitados na B&amp;B Casa Traca e tamb\u00e9m s\u00e3o permitidos em condi\u00e7\u00f5es.<\/li>\n<li>N\u00e3o \u00e9 permitido fumar na casa da B&amp;B Casa Traca. L\u00e1 fora nos jardins e nos terra\u00e7os h\u00e1 muitas oportunidades para fumar, isto \u00e9, claro, em consulta com os outros h\u00f3spedes.<\/li>\n<\/ul>\n<p>&nbsp;<\/p>\n<p>Gostar\u00edamos de dar-lhe as boas-vindas na nossa B&amp;B e desejar-lhe uma estadia agrad\u00e1vel. se quiser imprimir os termos e condi\u00e7\u00f5es, por favor envie-nos um e-mail.<\/p>\n<p>&nbsp;<\/p>\n<p><a href=\"https:\/\/casatraca.com\/pt-pt\/politica-de-privacidade-bb-casa-traca\/\" data-schema-attribute=\"\">Pol\u00edtica de Privacidade B&amp;B Casa Traca<\/a><\/p>\n","protected":false},"excerpt":{"rendered":"<p>Aqui pode encontrar os termos e condi\u00e7\u00f5es de Bed and Breakfast Casa Traca, Arganil, Central Portugal Geral 1. Globalmente: Estes Termos e Condi\u00e7\u00f5es aplicam-se a todos os utilizadores\/h\u00f3spedes da B&amp;B Casa Traca Valbona, Portugal Estes termos e condi\u00e7\u00f5es baseiam-se na entrada em vigor de uma reserva na B&amp;B Casa Traca. A pedido, fornecer-lhe-emos gratuitamente uma c\u00f3pia destes Termos e Condi\u00e7\u00f5es. O administrador n\u00e3o se responsabiliza por danos, perdas ou roubos de bens dos utilizadores. Em caso de lit\u00edgios, todos os custos (legais) s\u00e3o suportados pelos utilizadores. Todos os riscos relacionados com a perman\u00eancia na B&amp;B Casa Traca s\u00e3o \u00e0 custa dos  [&#8230;]<\/p>\n","protected":false},"author":2,"featured_media":7326,"parent":0,"menu_order":4,"comment_status":"closed","ping_status":"closed","template":"","meta":{"footnotes":""},"class_list":["post-6404","page","type-page","status-publish","has-post-thumbnail","hentry"],"_links":{"self":[{"href":"https:\/\/casatraca.com\/pt-pt\/wp-json\/wp\/v2\/pages\/6404","targetHints":{"allow":["GET"]}}],"collection":[{"href":"https:\/\/casatraca.com\/pt-pt\/wp-json\/wp\/v2\/pages"}],"about":[{"href":"https:\/\/casatraca.com\/pt-pt\/wp-json\/wp\/v2\/types\/page"}],"author":[{"embeddable":true,"href":"https:\/\/casatraca.com\/pt-pt\/wp-json\/wp\/v2\/users\/2"}],"replies":[{"embeddable":true,"href":"https:\/\/casatraca.com\/pt-pt\/wp-json\/wp\/v2\/comments?post=6404"}],"version-history":[{"count":0,"href":"https:\/\/casatraca.com\/pt-pt\/wp-json\/wp\/v2\/pages\/6404\/revisions"}],"wp:featuredmedia":[{"embeddable":true,"href":"https:\/\/casatraca.com\/pt-pt\/wp-json\/wp\/v2\/media\/7326"}],"wp:attachment":[{"href":"https:\/\/casatraca.com\/pt-pt\/wp-json\/wp\/v2\/media?parent=6404"}],"curies":[{"name":"wp","href":"https:\/\/api.w.org\/{rel}","templated":true}]}}