{"id":6402,"date":"2021-01-23T16:07:16","date_gmt":"2021-01-23T15:07:16","guid":{"rendered":"https:\/\/casatraca.com\/politica-de-privacidade-bb-casa-traca\/"},"modified":"2023-06-06T10:49:36","modified_gmt":"2023-06-06T08:49:36","slug":"politica-de-privacidade-bb-casa-traca","status":"publish","type":"page","link":"https:\/\/casatraca.com\/pt-pt\/politica-de-privacidade-bb-casa-traca\/","title":{"rendered":"Pol\u00edtica de Privacidade B&amp;B Casa Traca"},"content":{"rendered":"<div class=\"fusion-fullwidth fullwidth-box fusion-builder-row-1 fusion-flex-container nonhundred-percent-fullwidth non-hundred-percent-height-scrolling\" style=\"--awb-border-radius-top-left:0px;--awb-border-radius-top-right:0px;--awb-border-radius-bottom-right:0px;--awb-border-radius-bottom-left:0px;--awb-flex-wrap:wrap;\" ><div class=\"fusion-builder-row fusion-row fusion-flex-align-items-flex-start fusion-flex-content-wrap\" style=\"max-width:1248px;margin-left: calc(-4% \/ 2 );margin-right: calc(-4% \/ 2 );\"><div class=\"fusion-layout-column fusion_builder_column fusion-builder-column-0 fusion_builder_column_1_1 1_1 fusion-flex-column\" style=\"--awb-bg-size:cover;--awb-width-large:100%;--awb-margin-top-large:0px;--awb-spacing-right-large:1.92%;--awb-margin-bottom-large:0px;--awb-spacing-left-large:1.92%;--awb-width-medium:100%;--awb-spacing-right-medium:1.92%;--awb-spacing-left-medium:1.92%;--awb-width-small:100%;--awb-spacing-right-small:1.92%;--awb-spacing-left-small:1.92%;\"><div class=\"fusion-column-wrapper fusion-flex-justify-content-flex-start fusion-content-layout-column\"><div class=\"fusion-text fusion-text-1\"><h3><strong><u>POL\u00cdTICA DE PRIVACIDADE e Pol\u00edtica de Cookies de Cama e Pequeno-Almo\u00e7o Casa Traca<\/u><\/strong><\/h3>\n<p>Esta Pol\u00edtica de Privacidade aplica-se a todos os dados pessoais que a Bed and Breakfast Casa Traca processa dos seus h\u00f3spedes.  <img decoding=\"async\" class=\" wp-image-2779 alignright\" src=\"https:\/\/casatraca.com\/wp-content\/uploads\/2019\/04\/Logo-Casa-Traca-300x275.png\" alt=\"casa traca cama e pequeno-almo\u00e7o centro de Portugal pol\u00edtica de privacidade\" width=\"168\" height=\"154\" title=\"\" srcset=\"https:\/\/casatraca.com\/wp-content\/uploads\/2019\/04\/Logo-Casa-Traca-300x275.png 300w, https:\/\/casatraca.com\/wp-content\/uploads\/2019\/04\/Logo-Casa-Traca.png 467w\" sizes=\"(max-width: 168px) 100vw, 168px\"><\/p>\n<p>Se reservar uma estadia na Bed and Breakfast Casa Traca, ou por qualquer outra raz\u00e3o forne\u00e7a dados pessoais \u00e0 Bed and Breakfast Casa Traca, voc\u00ea expressamente consente em processar os seus dados pessoais de acordo com esta Pol\u00edtica de Privacidade.<br \/>\nPor conseguinte, aconselho-o tamb\u00e9m a ler a Pol\u00edtica de Privacidade e a guard\u00e1-la para seu pr\u00f3prio registo.<\/p>\n<p>O Bed and Breakfast Casa Traca preocupa-se muito com a sua privacidade. Por conseguinte, apenas trato os dados de que necessito para (melhorar) os meus servi\u00e7os e trato as informa\u00e7\u00f5es que recolhi sobre si com cuidado. Nunca coloco os seus dados \u00e0 disposi\u00e7\u00e3o de terceiros para fins comerciais.<\/p>\n<p>A presente pol\u00edtica de privacidade aplica-se \u00e0 utiliza\u00e7\u00e3o do s\u00edtio Web e aos servi\u00e7os nele acedidos pelo Bed and Breakfast Casa Traca. A data efectiva para a validade destes termos e condi\u00e7\u00f5es \u00e9 22-11-2022, com a publica\u00e7\u00e3o de uma nova vers\u00e3o a validade de todas as vers\u00f5es anteriores expira.<\/p>\n<p>A Bed and Breakfast Casa compromete-se a cumprir o Regulamento (UE) 2016\/679 do Parlamento Europeu e do Conselho, de 27 de Abril de 2016, relativo \u00e0 protec\u00e7\u00e3o das pessoas singulares no que diz respeito ao tratamento de dados pessoais e \u00e0 livre circula\u00e7\u00e3o desses dados e que revoga a Directiva 95\/46\/CE (Regulamento Geral sobre a Protec\u00e7\u00e3o de Dados) e a Lei de Execu\u00e7\u00e3o do Regulamento Geral sobre a Protec\u00e7\u00e3o de Dados.<\/p>\n<p>Esta pol\u00edtica de privacidade descreve que dados sobre o utilizador s\u00e3o recolhidos por mim, para que fins s\u00e3o utilizados esses dados, com quem e em que condi\u00e7\u00f5es, se for caso disso, esses dados podem ser partilhados com terceiros. Tamb\u00e9m lhe explico como guardo os seus dados e como os protejo contra utiliza\u00e7\u00e3o indevida, bem como os direitos que lhe assistem em rela\u00e7\u00e3o aos dados pessoais que me s\u00e3o fornecidos.<\/p>\n<p>Se tiver alguma d\u00favida sobre esta pol\u00edtica de privacidade, pode contactar-me. Os dados de contacto encontram-se no final desta pol\u00edtica de privacidade.<\/p>\n<h4>Sobre o tratamento de dados<\/h4>\n<p>Abaixo pode ler como processamos os seus dados, onde os armazenamos (ou mandamos armazenar), quais as t\u00e9cnicas de seguran\u00e7a que utilizamos e a quem os dados podem ser acedidos.<\/p>\n<p>Escolhi a SitiWeb.co.uk para o meu alojamento web. Os dados pessoais que me disponibilizar para efeitos dos meus servi\u00e7os ser\u00e3o partilhados com esta parte. A SitiWeb tem acesso aos seus dados para me prestar apoio (t\u00e9cnico) e nunca utilizar\u00e1 os dados para qualquer outro fim.<\/p>\n<p>Com base no acordo que tenho com eles, a SitiWeb \u00e9 obrigada a tomar medidas de seguran\u00e7a adequadas relativamente \u00e0 sua privacidade. Estas medidas de seguran\u00e7a incluem a utiliza\u00e7\u00e3o de encripta\u00e7\u00e3o SSL e uma pol\u00edtica de palavras-passe fortes. S\u00e3o efectuadas c\u00f3pias de seguran\u00e7a regulares para evitar a perda de dados.<\/p>\n<h4>Alojamento Web SitiWeb<\/h4>\n<p>Adquirimos servi\u00e7os de alojamento web e de correio electr\u00f3nico \u00e0 Sitiweb.co.uk. A Sitiweb.pt processa os dados pessoais em meu nome e n\u00e3o os utiliza para os seus pr\u00f3prios fins. No entanto, esta parte pode recolher metadados sobre a utiliza\u00e7\u00e3o dos servi\u00e7os. N\u00e3o se trata de dados pessoais. A Sitiweb.pt adoptou medidas t\u00e9cnicas e organizativas adequadas para evitar a perda e a utiliza\u00e7\u00e3o n\u00e3o autorizada de dados pessoais. A Sitiweb.pt tem um dever de confidencialidade nos termos do acordo.<\/p>\n<h4>Correio electr\u00f3nico e listas de distribui\u00e7\u00e3o Laposta<\/h4>\n<p>Tamb\u00e9m utilizo os servi\u00e7os da Sitiweb.co.uk para o meu tr\u00e1fego regular de correio electr\u00f3nico profissional. A Sitiweb.pt adoptou medidas t\u00e9cnicas e organizativas adequadas para evitar a perda e a utiliza\u00e7\u00e3o n\u00e3o autorizada de dados pessoais. A Sitiweb.pt tem um dever de confidencialidade nos termos do acordo.<\/p>\n<p>Para enviar boletins informativos e descargas gratuitas, utilizo a Laposta. A Laposta processa os dados pessoais em meu nome e n\u00e3o os utiliza para os seus pr\u00f3prios fins. No entanto, esta parte pode recolher metadados sobre a utiliza\u00e7\u00e3o dos servi\u00e7os. N\u00e3o se trata de dados pessoais.<\/p>\n<h4>Camas24<\/h4>\n<p>Para processar as reservas e administrar os h\u00f3spedes, utilizo o Beds24. Este gestor de canais tem uma seguran\u00e7a abrangente dos dados pessoais para garantir que os seus dados n\u00e3o chegam a terceiros. A Beds24 est\u00e1 vinculada \u00e0 confidencialidade nos termos do meu acordo com eles e n\u00e3o pode partilhar dados com terceiros sem o seu consentimento expresso e o meu.<\/p>\n<h2>Objectivo do tratamento de dados<\/h2>\n<h3>Objectivo geral do tratamento<\/h3>\n<p>Utilizo os dados exclusivamente para efeitos dos meus servi\u00e7os. Ou seja, a finalidade do tratamento est\u00e1 sempre directamente relacionada com a sua estadia no Bed and Breakfast Casa Traca em Arganil. N\u00e3o utilizo os seus dados para fins de marketing (direccionado). Se partilhar dados comigo e eu utilizar esses dados para o contactar posteriormente &#8211; sem ser a seu pedido -, solicitarei a sua autoriza\u00e7\u00e3o expl\u00edcita para o fazer.<\/p>\n<p>Os seus dados n\u00e3o ser\u00e3o partilhados com terceiros, excepto para cumprir obriga\u00e7\u00f5es contabil\u00edsticas e outras obriga\u00e7\u00f5es administrativas. Todos estes terceiros est\u00e3o vinculados \u00e0 confidencialidade por for\u00e7a do acordo entre eles e n\u00f3s ou por juramento ou obriga\u00e7\u00e3o legal.<\/p>\n<h4>Processamento autom\u00e1tico de dados<\/h4>\n<p>Os dados recolhidos automaticamente por este s\u00edtio Web s\u00e3o tratados com o objectivo de melhorar os meus servi\u00e7os. Estes dados (por exemplo, o endere\u00e7o IP, o browser e o sistema operativo) n\u00e3o s\u00e3o dados pessoais.<\/p>\n<h4>Coopera\u00e7\u00e3o em investiga\u00e7\u00f5es fiscais ou criminais<\/h4>\n<p>Quando apropriado, a Portugalore pode ser obrigada por lei a partilhar os seus dados no \u00e2mbito de investiga\u00e7\u00f5es fiscais ou criminais do governo. Nesse caso, somos obrigados a partilhar os seus dados, mas opor-nos-emos a isso dentro das possibilidades previstas na lei.<\/p>\n<p><strong>1. Respons\u00e1vel<br \/>\n<\/strong><\/p>\n<p>O respons\u00e1vel pelo tratamento de dados pessoais \u00e9:<br \/>\n<strong><br \/>\n  <u>Cama e Pequeno-Almo\u00e7o Casa Traca<\/u><br \/>\n<\/strong>, Sitio Rossio Habt, 3300-124, Valbona, Portugal, casatraca@hotmail.com, n\u00famero de telefone +351 235 010 057<\/p>\n<h4><strong>2. Que dados faz o processo <u>Bed and Breakfast Casa Traca<\/u> e com que finalidade<br \/>\n<\/strong><\/h4>\n<p>2.1 No contexto da sua estadia, ser\u00e3o tratados os seguintes dados pessoais:<\/p>\n<ul>\n<li>primeiro e \u00faltimo nome, data de nascimento, local de nascimento, sexo<\/li>\n<li>endere\u00e7o detalhes possivelmente endere\u00e7o<\/li>\n<li>n\u00fameros de telefone, endere\u00e7os de e-mail(s)<\/li>\n<li>Detalhes do passaporte<\/li>\n<\/ul>\n<p>2.2 <strong><br \/>\n  <u>Cama e Pequeno-Almo\u00e7o Casa Traca processa<\/u><br \/>\n<\/strong> os dados pessoais referidos no sub 2.1 para as seguintes finalidades:<\/p>\n<ol>\n<li>(a) o seu nome, endere\u00e7o, n\u00famero de telefone e endere\u00e7o de e-mail &#8211; utilizado para o contactar sobre as informa\u00e7\u00f5es que solicitou e tamb\u00e9m para tratar das informa\u00e7\u00f5es que obteve;<\/li>\n<li>(b) o seu nome, endere\u00e7o, n\u00famero de telefone e endere\u00e7o de e-mail &#8211; utilizado para registar reservas e tamb\u00e9m para corrigir o seu manuseamento administrativo;<\/li>\n<li>(c) o seu nome, endere\u00e7o e n\u00famero de telefone &#8211; utilizado para o envio de convites e tamb\u00e9m para informa\u00e7\u00f5es sobre servi\u00e7os e atividades da Bed and Breakfast Casa Traca;<\/li>\n<li>(d) O seu nome, endere\u00e7os, dados relativos aos passaportes &#8211; utilizados para um tratamento correto com as autoridades portuguesas, sendo as Finan\u00e7as e o SEF, as autoridades fiscais e o servi\u00e7o de imigra\u00e7\u00e3o. Os dados ser\u00e3o conservadas durante o tempo que a legisla\u00e7\u00e3o portuguesa exigir.<\/li>\n<li>(e) o seu nome e n\u00famero de conta banc\u00e1ria &#8211; usado para liquidar pagamentos de servi\u00e7os tomados.<\/li>\n<\/ol>\n<p>2.3 O seu nome, endere\u00e7o de e-mail e n\u00famero de telefone ser\u00e3o utilizados at\u00e9 pelo menos dois anos ap\u00f3s o final do acordo para lhe perguntar sobre as suas experi\u00eancias com a Bed and Breakfast Casa Traca. Tamb\u00e9m utilizamos isto para inform\u00e1-lo sobre os desenvolvimentos da Bed and Breakfast Casa Traca.<\/p>\n<p>Dados pessoais especiais e\/ou sens\u00edveis que tratamos<br \/>\nO nosso s\u00edtio Web e\/ou servi\u00e7o n\u00e3o pretende recolher dados sobre os visitantes do s\u00edtio Web que tenham menos de 16 anos de idade. A menos que tenham autoriza\u00e7\u00e3o dos pais ou tutores. No entanto, n\u00e3o podemos verificar se um visitante tem mais de 16 anos. Por conseguinte, aconselhamos os pais a envolverem-se nas actividades em linha dos seus filhos para evitar a recolha de dados sobre crian\u00e7as sem o consentimento dos pais. Se acredita que recolhemos informa\u00e7\u00f5es pessoais sobre um menor sem esse consentimento, contacte-nos atrav\u00e9s do endere\u00e7o info@casatraca.com e eu removerei essas informa\u00e7\u00f5es.<\/p>\n<h4><strong>3. Per\u00edodos de reten\u00e7\u00e3o  <\/strong><\/h4>\n<p>Bed and Breakfast Casa Traca processa e armazena os seus dados pessoais durante a dura\u00e7\u00e3o da sua estadia at\u00e9 um m\u00e1ximo de dois anos ap\u00f3s o final desta estadia. No entanto, ou enquanto a legisla\u00e7\u00e3o portuguesa o exigir relativamente \u00e0 manuten\u00e7\u00e3o de registos para as autoridades fiscais e de imigra\u00e7\u00e3o. Depois, destru\u00edmos os dados pessoais.<\/p>\n<h4>4 . Medidas de seguran\u00e7a e processadores<\/h4>\n<p>4.1 Para proteger os seus dados pessoais, a Bed and Breakfast Casa Traca tomou as medidas t\u00e9cnicas e organizativas adequadas.<\/p>\n<p>4.2 Bed and Breakfast Casa Traca n\u00e3o utiliza servi\u00e7os de terceiros para o tratamento de dados pessoais.<\/p>\n<p>4.3 S\u00f3 partilharemos os dados do utilizador com terceiros se tal for necess\u00e1rio para a correcta execu\u00e7\u00e3o da reserva. S\u00f3 partilharemos os dados com terceiros se tivermos obtido autoriza\u00e7\u00e3o para o fazer.<\/p>\n<p>4.4 O Bed &amp; Breakfast Casa Traca utiliza os servi\u00e7os de Sitiweb.nl e SIDN.nl para o alojamento e registo de dom\u00ednios. Ambas as partes tomaram as medidas adequadas para garantir o armazenamento seguro dos dados pessoais do utilizador. Trata-se de sistemas exclusivamente automatizados em que n\u00e3o existe qualquer ac\u00e7\u00e3o pessoal entre eles.<\/p>\n<h4>5. <strong>Tribunal de Recurso, destitui\u00e7\u00e3o e perguntas<\/strong><\/h4>\n<p>5.1 Atrav\u00e9s da administra\u00e7\u00e3o da Bed and Breakfast Casa Traca, pode submeter um pedido de visualiza\u00e7\u00e3o, rece\u00e7\u00e3o, modifica\u00e7\u00e3o ou elimina\u00e7\u00e3o dos seus dados pessoais. Bed and Breakfast Casa Traca processar\u00e1 o seu pedido e inform\u00e1-lo-\u00e1 dentro de um m\u00eas ap\u00f3s a rece\u00e7\u00e3o<\/p>\n<p>5.2 Se pretender opor-se ao (adicional) tratamento dos seus dados pessoais referido no artigo 2.\u00ba, pode tamb\u00e9m contactar a administra\u00e7\u00e3o.<\/p>\n<p>5.3 Se tiver alguma reclama\u00e7\u00e3o sobre a forma como a Bed and Breakfast Casa Traca processa os seus dados pessoais ou trata os seus pedidos, pode contactar-nos por e-mail: casatraca@hotmail.com e perguntar sobre o livro de reclama\u00e7\u00f5es.<\/p>\n<p>5.3 a. Mesmo que existam outras reclama\u00e7\u00f5es que n\u00e3o possam ser resolvidas com a Casa Traca pode pedir o <a href=\"https:\/\/www.livroreclamacoes.pt\/inicio\" target=\"_blank\" rel=\"noopener noreferrer\">livro de reclama\u00e7\u00f5es ou o livro de reclama\u00e7\u00f5es<\/a> (ID n\u00famero 883260 | ASAE 6119)<\/p>\n<p>5.4 Quaisquer outras quest\u00f5es ou coment\u00e1rios sobre esta Pol\u00edtica de Privacidade tamb\u00e9m podem ser dirigidos \u00e0 nossa administra\u00e7\u00e3o casatraca@hotmail.com<\/p>\n<p>5.5 Se n\u00e3o conseguir chegar a um acordo com a Casa Traca, pode tamb\u00e9m contactar <a href=\"https:\/\/www.cniacc.pt\/pt\/\" target=\"_blank\" rel=\"noopener\" data-schema-attribute=\"mentions\">o CNIACC Centro de Portugal<\/a>.<\/p>\n<p>5.6. Gostar\u00edamos tamb\u00e9m de o informar que tem a possibilidade de apresentar uma queixa junto da<a href=\"https:\/\/www.cnpd.pt\/\" target=\"_blank\" rel=\"noopener\" data-schema-attribute=\"mentions\">Comiss\u00e3o Nacional de Protec\u00e7\u00e3o de Dados (CNPD)<\/a>.<\/p>\n<h4><b>  6. Altera\u00e7\u00f5es<\/b><\/h4>\n<p>Esta Pol\u00edtica de Privacidade pode ser alterada. As altera\u00e7\u00f5es ser\u00e3o anunciadas atrav\u00e9s do Site. Aconselhamos que verifique regularmente a Pol\u00edtica de Privacidade.<\/p>\n<p>Formatado 1 de maio de 2018<\/p>\n<p><strong>Adi\u00e7\u00e3o 1; data 15 junho 2018<\/strong><\/p>\n<h4>7. Cookies<\/h4>\n<p>Para o melhor funcionamento poss\u00edvel deste site, utilizamos cookies. Nesta declara\u00e7\u00e3o explicamos primeiro quais s\u00e3o os cookies. Depois vamos entrar em quais cookies utilizamos e tamb\u00e9m porque os utilizamos.<\/p>\n<p><strong>O que s\u00e3o cookies<\/strong><br \/>\nUm cookie \u00e9 um ficheiro que \u00e9 enviado por um website (neste caso www.casatraca.com). Em seguida, o seu navegador coloca isso no disco r\u00edgido do seu computador. H\u00e1 um biscoito no disco r\u00edgido. Da pr\u00f3xima vez que visitar o site, as informa\u00e7\u00f5es armazenadas, que est\u00e3o no cookie, podem ser devolvidas a este website.<\/p>\n<p><strong>Google Analytics<\/strong><br \/>\nO nosso site coloca cookies do Google. Analisar\u00e3o a informa\u00e7\u00e3o que o Google obt\u00e9m do cookie. Esta informa\u00e7\u00e3o \u00e9 anonimizada o melhor que podemos. A Google s\u00f3 partilhar\u00e1 as informa\u00e7\u00f5es obtidas com terceiros se forem legalmente obrigados a faz\u00ea-lo. Al\u00e9m disso, no que diz respeito a terceiros, as informa\u00e7\u00f5es em nome da Google. Ela, google, tamb\u00e9m n\u00e3o foi autorizada a usar informa\u00e7\u00f5es para outros servi\u00e7os da Google. A Google \u00e9 uma empresa americana e, por isso, armazena a informa\u00e7\u00e3o que recolhe em servidores americanos. Para obter mais informa\u00e7\u00f5es sobre as pol\u00edticas do Google Analytics, consulte o site do Google.<\/p>\n<p><strong>Bot\u00f5es de m\u00eddia social<\/strong><br \/>\nOs v\u00e1rios canais de redes sociais usam frequentemente c\u00f3digos, com os quais colocam cookies atrav\u00e9s do site. Estes canais de redes sociais recolhem informa\u00e7\u00f5es que podem obter atrav\u00e9s dos cookies. Leia as declara\u00e7\u00f5es de privacidade dos canais de redes sociais utilizados pela B&amp;B Casa Traca para saber o que est\u00e3o a fazer com as informa\u00e7\u00f5es recolhidas.<\/p>\n<p><strong>Desativar e remover<\/strong><br \/>\nPode desativar ou eliminar cookies. Para isso, voc\u00ea precisa estar nas defini\u00e7\u00f5es do seu navegador. N\u00e3o pode sair? Em seguida, utilize a fun\u00e7\u00e3o de ajuda do navegador.<\/p>\n<h4>8. Google Analytics<\/h4>\n<p>Gostar\u00edamos de entender como usar o site de forma a otimiz\u00e1-lo para uso. \u00c0s vezes usamos o Google Analytics para este fim. Este servi\u00e7o analisa os dados dos visitantes do site. Um endere\u00e7o IP n\u00e3o \u00e9 vis\u00edvel e, portanto, n\u00e3o pode ser rastreado at\u00e9 uma pessoa na nossa frente. O Google Analytics tamb\u00e9m tem a sua pr\u00f3pria pol\u00edtica que pode ser encontrada online.<\/p>\n<h4>9. Canais de M\u00eddia Social<\/h4>\n<p>A B&amp;B Casa Traca utiliza v\u00e1rios canais de redes sociais, em primeiro lugar: Facebook e Instagram. Em segundo lugar, em menor grau tamb\u00e9m do Twitter e linkedIn e tamb\u00e9m do Google Plus. Para facilitar o mais poss\u00edvel ao cliente, a B&amp;B Casa Traca utiliza bot\u00f5es, links e\/ou formul\u00e1rios de contacto. Estes canais de redes sociais tamb\u00e9m recolhem informa\u00e7\u00f5es. Para esclarecer o que acontece com os dados, a declara\u00e7\u00e3o de privacidade dos canais de redes sociais pode fornecer um inconclusivo.<\/p>\n<p>Cookies utilizados:<\/p>\n<p>[cookie_audit columns=&#8221;cookie,description&#8221; heading=&#8221;The below list details the cookies used in our website.&#8221;]\n[user_consent_state]<\/p>\n<p>Leia aqui os nossos termos e condi\u00e7\u00f5es: <a href=\"https:\/\/casatraca.com\/pt-pt\/geral\/\" target=\"_blank\" rel=\"noopener noreferrer\">Termos e condi\u00e7\u00f5es<\/a><\/p>\n<\/div><\/div><\/div><\/div><\/div>\n","protected":false},"excerpt":{"rendered":"","protected":false},"author":2,"featured_media":0,"parent":0,"menu_order":3,"comment_status":"closed","ping_status":"closed","template":"","meta":{"footnotes":""},"class_list":["post-6402","page","type-page","status-publish","hentry"],"_links":{"self":[{"href":"https:\/\/casatraca.com\/pt-pt\/wp-json\/wp\/v2\/pages\/6402","targetHints":{"allow":["GET"]}}],"collection":[{"href":"https:\/\/casatraca.com\/pt-pt\/wp-json\/wp\/v2\/pages"}],"about":[{"href":"https:\/\/casatraca.com\/pt-pt\/wp-json\/wp\/v2\/types\/page"}],"author":[{"embeddable":true,"href":"https:\/\/casatraca.com\/pt-pt\/wp-json\/wp\/v2\/users\/2"}],"replies":[{"embeddable":true,"href":"https:\/\/casatraca.com\/pt-pt\/wp-json\/wp\/v2\/comments?post=6402"}],"version-history":[{"count":0,"href":"https:\/\/casatraca.com\/pt-pt\/wp-json\/wp\/v2\/pages\/6402\/revisions"}],"wp:attachment":[{"href":"https:\/\/casatraca.com\/pt-pt\/wp-json\/wp\/v2\/media?parent=6402"}],"curies":[{"name":"wp","href":"https:\/\/api.w.org\/{rel}","templated":true}]}}