{"id":6082,"date":"2015-10-10T21:38:01","date_gmt":"2015-10-10T19:38:01","guid":{"rendered":"https:\/\/casatraca.com\/quartos\/far-east-missionaris-kamer\/"},"modified":"2020-12-29T22:17:28","modified_gmt":"2020-12-29T21:17:28","slug":"quarto-oriental","status":"publish","type":"page","link":"https:\/\/casatraca.com\/pt-pt\/quartos\/quarto-oriental\/","title":{"rendered":"Quarto oriental"},"content":{"rendered":"<p><div class=\"fusion-fullwidth fullwidth-box fusion-builder-row-1 fusion-flex-container nonhundred-percent-fullwidth non-hundred-percent-height-scrolling\" style=\"--awb-border-radius-top-left:0px;--awb-border-radius-top-right:0px;--awb-border-radius-bottom-right:0px;--awb-border-radius-bottom-left:0px;--awb-flex-wrap:wrap;\" ><div class=\"fusion-builder-row fusion-row fusion-flex-align-items-flex-start fusion-flex-content-wrap\" style=\"max-width:1248px;margin-left: calc(-4% \/ 2 );margin-right: calc(-4% \/ 2 );\"><div class=\"fusion-layout-column fusion_builder_column fusion-builder-column-0 fusion_builder_column_1_1 1_1 fusion-flex-column\" style=\"--awb-bg-size:cover;--awb-width-large:100%;--awb-margin-top-large:0px;--awb-spacing-right-large:1.92%;--awb-margin-bottom-large:20px;--awb-spacing-left-large:1.92%;--awb-width-medium:100%;--awb-order-medium:0;--awb-spacing-right-medium:1.92%;--awb-spacing-left-medium:1.92%;--awb-width-small:100%;--awb-order-small:0;--awb-spacing-right-small:1.92%;--awb-spacing-left-small:1.92%;\"><div class=\"fusion-column-wrapper fusion-column-has-shadow fusion-flex-justify-content-flex-start fusion-content-layout-column\"><div class=\"fusion-title title fusion-title-1 fusion-sep-none fusion-title-text fusion-title-size-two\" style=\"--awb-margin-top-small:10px;--awb-margin-right-small:0px;--awb-margin-bottom-small:10px;--awb-margin-left-small:0px;\"><h2 class=\"fusion-title-heading title-heading-left\" style=\"margin:0;\">Quarto Oriental<\/h2><\/div><\/div><\/div><\/div><\/div><div class=\"fusion-fullwidth fullwidth-box fusion-builder-row-2 fusion-flex-container nonhundred-percent-fullwidth non-hundred-percent-height-scrolling\" style=\"--awb-border-radius-top-left:0px;--awb-border-radius-top-right:0px;--awb-border-radius-bottom-right:0px;--awb-border-radius-bottom-left:0px;--awb-flex-wrap:wrap;\" ><div class=\"fusion-builder-row fusion-row fusion-flex-align-items-flex-start fusion-flex-content-wrap\" style=\"max-width:1248px;margin-left: calc(-4% \/ 2 );margin-right: calc(-4% \/ 2 );\"><div class=\"fusion-layout-column fusion_builder_column fusion-builder-column-1 fusion_builder_column_1_1 1_1 fusion-flex-column\" style=\"--awb-bg-size:cover;--awb-width-large:100%;--awb-margin-top-large:0px;--awb-spacing-right-large:1.92%;--awb-margin-bottom-large:0px;--awb-spacing-left-large:1.92%;--awb-width-medium:100%;--awb-spacing-right-medium:1.92%;--awb-spacing-left-medium:1.92%;--awb-width-small:100%;--awb-spacing-right-small:1.92%;--awb-spacing-left-small:1.92%;\"><div class=\"fusion-column-wrapper fusion-flex-justify-content-flex-start fusion-content-layout-column\"><div class=\"fusion-text fusion-text-1\"><h3 style=\"text-align: center;\">O quarto perfeito para amigos ou crian\u00e7as mais velhas,<\/h3>\n<p style=\"text-align: center;\">A sala do mission\u00e1rio oriental e do Extremo Oriente leva voc\u00ea aos dom\u00ednios de um caixeiro viajante.<\/p>\n<p style=\"text-align: center;\"><strong> a sala do mission\u00e1rio do Extremo Oriente tem 2 camas de solteiro <\/strong><\/p>\n<h3>Mais sobre a sala do mission\u00e1rio do Extremo Oriente<\/h3>\n<div>Na sala do mission\u00e1rio do Extremo Oriente Oriental, v\u00e1rios estilos foram reunidos sem torn\u00e1-la inquieta. A sala do mission\u00e1rio do Extremo Oriente exala uma tranquilidade quase serena, dando-lhe a sensa\u00e7\u00e3o de ser um mission\u00e1rio na \u00c1frica ou um caixeiro-viajante no Extremo Oriente. A sala do mission\u00e1rio do Extremo Oriente tem 2 camas de solteiro que podem ser unidas, se desejado. A sala do Oriental Far East Missionary fica ao lado do banheiro compartilhado. Bem como as <a href=\"https:\/\/casatraca.com\/pt-pt\/quartos\/\" target=\"_blank\" rel=\"noopener\" data-=\"\"> outras salas <\/a> tem Este quarto oriental tamb\u00e9m tem a possibilidade de fazer caf\u00e9 e ch\u00e1 no quarto e roupa de cama e toalhas est\u00e3o inclu\u00eddas.<\/div>\n<div><\/div>\n<div>\n\n\t\t<style type=\"text\/css\">\n\t\t\t#gallery-1 {\n\t\t\t\tmargin: auto;\n\t\t\t}\n\t\t\t#gallery-1 .gallery-item {\n\t\t\t\tfloat: left;\n\t\t\t\tmargin-top: 10px;\n\t\t\t\ttext-align: center;\n\t\t\t\twidth: 25%;\n\t\t\t}\n\t\t\t#gallery-1 img {\n\t\t\t\tborder: 2px solid #cfcfcf;\n\t\t\t}\n\t\t\t#gallery-1 .gallery-caption {\n\t\t\t\tmargin-left: 0;\n\t\t\t}\n\t\t\t\/* see gallery_shortcode() in wp-includes\/media.php *\/\n\t\t<\/style>\n\t\t<div id='gallery-1' class='gallery galleryid-6082 gallery-columns-4 gallery-size-medium'><dl class='gallery-item'>\n\t\t\t<dt class='gallery-icon landscape'>\n\t\t\t\t<a data-rel=\"iLightbox[postimages]\" data-title=\"Far East quarto\" data-caption=\"\" href='https:\/\/casatraca.com\/pt-pt\/quartos\/quarto-oriental\/far-east-quarto\/'><img decoding=\"async\" width=\"300\" height=\"225\" src=\"https:\/\/casatraca.com\/wp-content\/uploads\/2016\/04\/Far-east-hoofdfoto-300x225.jpg\" class=\"attachment-medium size-medium\" alt=\"Quarto Oriental Holand\u00eas Extremo Oriente Quarto Mission\u00e1rio, Extremo Oriente, caixeiro-viajante, mission\u00e1rio, caixeiro-viajante\" srcset=\"https:\/\/casatraca.com\/wp-content\/uploads\/2016\/04\/Far-east-hoofdfoto-300x225.jpg 300w, https:\/\/casatraca.com\/wp-content\/uploads\/2016\/04\/Far-east-hoofdfoto-768x576.jpg 768w, https:\/\/casatraca.com\/wp-content\/uploads\/2016\/04\/Far-east-hoofdfoto-1024x768.jpg 1024w\" sizes=\"(max-width: 300px) 100vw, 300px\" title=\"\"><\/a>\n\t\t\t<\/dt><\/dl><dl class='gallery-item'>\n\t\t\t<dt class='gallery-icon landscape'>\n\t\t\t\t<a data-rel=\"iLightbox[postimages]\" data-title=\"Far East 1\" data-caption=\"\" href='https:\/\/casatraca.com\/pt-pt\/far-east-1-2\/'><img decoding=\"async\" width=\"300\" height=\"225\" src=\"https:\/\/casatraca.com\/wp-content\/uploads\/2016\/04\/Far-East-1-300x225.jpg\" class=\"attachment-medium size-medium\" alt=\"Buda da felicidade oriental do extremo oriente\" srcset=\"https:\/\/casatraca.com\/wp-content\/uploads\/2016\/04\/Far-East-1-300x225.jpg 300w, https:\/\/casatraca.com\/wp-content\/uploads\/2016\/04\/Far-East-1-768x576.jpg 768w, https:\/\/casatraca.com\/wp-content\/uploads\/2016\/04\/Far-East-1-1024x768.jpg 1024w\" sizes=\"(max-width: 300px) 100vw, 300px\" title=\"\"><\/a>\n\t\t\t<\/dt><\/dl><dl class='gallery-item'>\n\t\t\t<dt class='gallery-icon landscape'>\n\t\t\t\t<a data-rel=\"iLightbox[postimages]\" data-title=\"Far East 2\" data-caption=\"\" href='https:\/\/casatraca.com\/pt-pt\/far-east-2-2\/'><img decoding=\"async\" width=\"300\" height=\"225\" src=\"https:\/\/casatraca.com\/wp-content\/uploads\/2016\/04\/Far-East-2-300x225.jpg\" class=\"attachment-medium size-medium\" alt=\"Oriental Far East\" srcset=\"https:\/\/casatraca.com\/wp-content\/uploads\/2016\/04\/Far-East-2-300x225.jpg 300w, https:\/\/casatraca.com\/wp-content\/uploads\/2016\/04\/Far-East-2-768x576.jpg 768w, https:\/\/casatraca.com\/wp-content\/uploads\/2016\/04\/Far-East-2-1024x768.jpg 1024w\" sizes=\"(max-width: 300px) 100vw, 300px\" title=\"\"><\/a>\n\t\t\t<\/dt><\/dl><dl class='gallery-item'>\n\t\t\t<dt class='gallery-icon landscape'>\n\t\t\t\t<a data-rel=\"iLightbox[postimages]\" data-title=\"Banheiro de cima\" data-caption=\"\" href='https:\/\/casatraca.com\/pt-pt\/quartos\/quarto-oriental\/badkamer-boven-2\/'><img decoding=\"async\" width=\"300\" height=\"225\" src=\"https:\/\/casatraca.com\/wp-content\/uploads\/2019\/06\/Badkamer-boven-300x225.jpg\" class=\"attachment-medium size-medium\" alt=\"casa de banho casa de h\u00f3spedes Centro de Portugal\" srcset=\"https:\/\/casatraca.com\/wp-content\/uploads\/2019\/06\/Badkamer-boven-300x225.jpg 300w, https:\/\/casatraca.com\/wp-content\/uploads\/2019\/06\/Badkamer-boven-768x576.jpg 768w, https:\/\/casatraca.com\/wp-content\/uploads\/2019\/06\/Badkamer-boven-1024x768.jpg 1024w\" sizes=\"(max-width: 300px) 100vw, 300px\" title=\"\"><\/a>\n\t\t\t<\/dt><\/dl><br style=\"clear: both\" \/>\n\t\t<\/div>\n\n<\/div>\n<div><\/div>\n<div>Mudamos as toalhas uma vez a cada 3 dias. Procuramos levar o meio ambiente em considera\u00e7\u00e3o. Mudamos a roupa de cama uma vez por semana, em dias quentes pode ser feito um tempo extra a pedido. Se poss\u00edvel, oferecemos tamb\u00e9m o quarto mission\u00e1rio do Extremo Oriente como op\u00e7\u00e3o extra de quarto com banheiro privativo, por sua localiza\u00e7\u00e3o favor\u00e1vel em rela\u00e7\u00e3o ao banheiro. Isso s\u00f3 \u00e9 poss\u00edvel se os outros dois quartos do andar de cima estiverem desocupados. Na sala comum voc\u00ea encontrar\u00e1, al\u00e9m de livros e jogos, um jogo de dardos. Gostamos de lan\u00e7ar um dardo. A Sala Mission\u00e1ria do Extremo Oriente lhe d\u00e1 uma sensa\u00e7\u00e3o de paz e felicidade.<\/div>\n<div><\/div>\n<div>Mais <a href=\"https:\/\/www.instagram.com\/casatraca_bedandbreakfast\/\" target=\"_blank\" rel=\"noopener noreferrer\"> fotos da atmosfera de nosso B &amp; amp; B <\/a> podem ser encontradas no instagram .<\/div>\n<div><\/div>\n<blockquote>\n<div><strong> <span style=\"color: # 993300;\"> A felicidade n\u00e3o \u00e9 uma forma de alucina\u00e7\u00f5es mentais, n\u00e3o \u00e9 um sentimento de localiza\u00e7\u00e3o. <\/span> <\/strong><\/div>\n<div><strong> <span style=\"color: # 993300;\"> A verdadeira felicidade \u00e9 o sentimento espont\u00e2neo de alegria. <\/span>&lt;\/ Budap <\/strong><\/div>\n<\/blockquote>\n<div class=\"video-shortcode\"><iframe title=\"Casa Traca Far East of Missionaris kamer\" width=\"1200\" height=\"675\" src=\"https:\/\/www.youtube.com\/embed\/fpF_ZuiESMo?start=5&#038;feature=oembed\" frameborder=\"0\" allow=\"accelerometer; autoplay; clipboard-write; encrypted-media; gyroscope; picture-in-picture\" allowfullscreen><\/iframe><\/div>\n<p style=\"text-align: center;\"><a class=\"\" id=\"beds24book_6419_10773_0\" style=\"text-decoration:none;\" href=\"https:\/\/casatraca.com\/pt-pt\/portugues-sobre-nos-portugal\/?1&#038;ownerid=6419&#038;propid=10773&#038;checkin=2026-04-24&#038;numnight=2&#038;numadult=2&#038;numchild=0&#038;referer=Website+Casa+Traca&#038;\"><button class=\"beds24_bookbutton\" style=\"cursor: pointer;color: #ffffff;padding: 14px;background-color: #280d7a;\">Reserve aqui<\/button><\/a><\/p>\n<\/div><\/div><\/div><\/div><\/div><div class=\"fusion-fullwidth fullwidth-box fusion-builder-row-3 fusion-flex-container nonhundred-percent-fullwidth non-hundred-percent-height-scrolling\" style=\"--awb-border-radius-top-left:0px;--awb-border-radius-top-right:0px;--awb-border-radius-bottom-right:0px;--awb-border-radius-bottom-left:0px;--awb-flex-wrap:wrap;\" ><div class=\"fusion-builder-row fusion-row fusion-flex-align-items-flex-start fusion-flex-content-wrap\" style=\"max-width:1248px;margin-left: calc(-4% \/ 2 );margin-right: calc(-4% \/ 2 );\"><div class=\"fusion-layout-column fusion_builder_column fusion-builder-column-2 fusion_builder_column_1_1 1_1 fusion-flex-column\" style=\"--awb-bg-size:cover;--awb-width-large:100%;--awb-margin-top-large:0px;--awb-spacing-right-large:1.92%;--awb-margin-bottom-large:20px;--awb-spacing-left-large:1.92%;--awb-width-medium:100%;--awb-order-medium:0;--awb-spacing-right-medium:1.92%;--awb-spacing-left-medium:1.92%;--awb-width-small:100%;--awb-order-small:0;--awb-spacing-right-small:1.92%;--awb-spacing-left-small:1.92%;\"><div class=\"fusion-column-wrapper fusion-column-has-shadow fusion-flex-justify-content-flex-start fusion-content-layout-column\"><div class=\"fusion-title title fusion-title-2 fusion-sep-none fusion-title-center fusion-title-text fusion-title-size-four\" style=\"--awb-margin-top-small:10px;--awb-margin-right-small:0px;--awb-margin-bottom-small:10px;--awb-margin-left-small:0px;\"><h4 class=\"fusion-title-heading title-heading-center\" style=\"margin:0;\"><h3>Especifica\u00e7\u00f5es do quarto oriental<\/h3><\/h4><\/div><\/div><\/div><div class=\"fusion-layout-column fusion_builder_column fusion-builder-column-3 fusion_builder_column_1_3 1_3 fusion-flex-column fusion-flex-align-self-center\" style=\"--awb-bg-size:cover;--awb-width-large:33.333333333333%;--awb-margin-top-large:0px;--awb-spacing-right-large:5.76%;--awb-margin-bottom-large:20px;--awb-spacing-left-large:5.76%;--awb-width-medium:33.333333333333%;--awb-order-medium:0;--awb-spacing-right-medium:5.76%;--awb-spacing-left-medium:5.76%;--awb-width-small:100%;--awb-order-small:0;--awb-spacing-right-small:1.92%;--awb-spacing-left-small:1.92%;\"><div class=\"fusion-column-wrapper fusion-column-has-shadow fusion-flex-justify-content-center fusion-content-layout-column\"><i class=\"fb-icon-element-1 fb-icon-element fontawesome-icon fa-check fas circle-yes fusion-text-flow\" style=\"--awb-circlecolor:#011b56;--awb-circlebordersize:1px;--awb-font-size:28.16px;--awb-width:56.32px;--awb-height:56.32px;--awb-line-height:54.32px;--awb-margin-right:16px;\"><\/i><\/div><\/div><div class=\"fusion-layout-column fusion_builder_column fusion-builder-column-4 fusion_builder_column_1_3 1_3 fusion-flex-column\" style=\"--awb-bg-size:cover;--awb-width-large:33.333333333333%;--awb-margin-top-large:0px;--awb-spacing-right-large:5.76%;--awb-margin-bottom-large:20px;--awb-spacing-left-large:5.76%;--awb-width-medium:33.333333333333%;--awb-order-medium:0;--awb-spacing-right-medium:5.76%;--awb-spacing-left-medium:5.76%;--awb-width-small:100%;--awb-order-small:0;--awb-spacing-right-small:1.92%;--awb-spacing-left-small:1.92%;\"><div class=\"fusion-column-wrapper fusion-column-has-shadow fusion-flex-justify-content-flex-start fusion-content-layout-column\"><ul style=\"--awb-line-height:27.2px;--awb-icon-width:27.2px;--awb-icon-height:27.2px;--awb-icon-margin:11.2px;--awb-content-margin:38.4px;--awb-circlecolor:#65bc7b;--awb-circle-yes-font-size:14.08px;\" class=\"fusion-checklist fusion-checklist-1 fusion-checklist-default type-icons\"><li class=\"fusion-li-item\" style=\"\"><span class=\"icon-wrapper circle-yes\"><i class=\"fusion-li-icon fa-tshirt fas\" aria-hidden=\"true\"><\/i><\/span><div class=\"fusion-li-item-content\">\n<p>Inclui roup\u00f5es de banho, secador de cabelo, sabonete<\/p>\n<\/div><\/li><li class=\"fusion-li-item\" style=\"\"><span class=\"icon-wrapper circle-yes\"><i class=\"fusion-li-icon fa-wifi fas\" aria-hidden=\"true\"><\/i><\/span><div class=\"fusion-li-item-content\">\n<p>Wifi gr\u00e1tis<\/p>\n<\/div><\/li><li class=\"fusion-li-item\" style=\"\"><span class=\"icon-wrapper circle-yes\"><i class=\"fusion-li-icon fa-coffee fas\" aria-hidden=\"true\"><\/i><\/span><div class=\"fusion-li-item-content\">\n<p>Caf\u00e9 e ch\u00e1 gr\u00e1tis no quarto<\/p>\n<\/div><\/li><li class=\"fusion-li-item\" style=\"\"><span class=\"icon-wrapper circle-yes\"><i class=\"fusion-li-icon fa-bread-slice fas\" aria-hidden=\"true\"><\/i><\/span><div class=\"fusion-li-item-content\">\n<p>Pequeno-almo\u00e7o incluido<\/p>\n<\/div><\/li><\/ul><\/div><\/div><div class=\"fusion-layout-column fusion_builder_column fusion-builder-column-5 fusion_builder_column_1_3 1_3 fusion-flex-column\" style=\"--awb-bg-size:cover;--awb-width-large:33.333333333333%;--awb-margin-top-large:0px;--awb-spacing-right-large:5.76%;--awb-margin-bottom-large:20px;--awb-spacing-left-large:5.76%;--awb-width-medium:33.333333333333%;--awb-order-medium:0;--awb-spacing-right-medium:5.76%;--awb-spacing-left-medium:5.76%;--awb-width-small:100%;--awb-order-small:0;--awb-spacing-right-small:1.92%;--awb-spacing-left-small:1.92%;\"><div class=\"fusion-column-wrapper fusion-column-has-shadow fusion-flex-justify-content-flex-start fusion-content-layout-column\"><ul style=\"--awb-line-height:27.2px;--awb-icon-width:27.2px;--awb-icon-height:27.2px;--awb-icon-margin:11.2px;--awb-content-margin:38.4px;--awb-circlecolor:#65bc7b;--awb-circle-yes-font-size:14.08px;\" class=\"fusion-checklist fusion-checklist-2 fusion-checklist-default type-icons\"><li class=\"fusion-li-item\" style=\"\"><span class=\"icon-wrapper circle-yes\"><i class=\"fusion-li-icon fa-bed fas\" aria-hidden=\"true\"><\/i><\/span><div class=\"fusion-li-item-content\">\n<p>2 camas de solteiro<\/p>\n<\/div><\/li><li class=\"fusion-li-item\" style=\"\"><span class=\"icon-wrapper circle-yes\"><i class=\"fusion-li-icon fa-home fas\" aria-hidden=\"true\"><\/i><\/span><div class=\"fusion-li-item-content\">\n<p>Tamanho do quarto 25 m2<\/p>\n<\/div><\/li><li class=\"fusion-li-item\" style=\"\"><span class=\"icon-wrapper circle-yes\"><i class=\"fusion-li-icon fa-clock fas\" aria-hidden=\"true\"><\/i><\/span><div class=\"fusion-li-item-content\">\n<p>Check-out tardio poss\u00edvel<\/p>\n<\/div><\/li><\/ul><\/div><\/div><\/div><\/div><\/p>\n","protected":false},"excerpt":{"rendered":"","protected":false},"author":2,"featured_media":4900,"parent":2615,"menu_order":4,"comment_status":"closed","ping_status":"closed","template":"","meta":{"footnotes":""},"class_list":["post-6082","page","type-page","status-publish","has-post-thumbnail","hentry"],"_links":{"self":[{"href":"https:\/\/casatraca.com\/pt-pt\/wp-json\/wp\/v2\/pages\/6082","targetHints":{"allow":["GET"]}}],"collection":[{"href":"https:\/\/casatraca.com\/pt-pt\/wp-json\/wp\/v2\/pages"}],"about":[{"href":"https:\/\/casatraca.com\/pt-pt\/wp-json\/wp\/v2\/types\/page"}],"author":[{"embeddable":true,"href":"https:\/\/casatraca.com\/pt-pt\/wp-json\/wp\/v2\/users\/2"}],"replies":[{"embeddable":true,"href":"https:\/\/casatraca.com\/pt-pt\/wp-json\/wp\/v2\/comments?post=6082"}],"version-history":[{"count":0,"href":"https:\/\/casatraca.com\/pt-pt\/wp-json\/wp\/v2\/pages\/6082\/revisions"}],"up":[{"embeddable":true,"href":"https:\/\/casatraca.com\/pt-pt\/wp-json\/wp\/v2\/pages\/2615"}],"wp:featuredmedia":[{"embeddable":true,"href":"https:\/\/casatraca.com\/pt-pt\/wp-json\/wp\/v2\/media\/4900"}],"wp:attachment":[{"href":"https:\/\/casatraca.com\/pt-pt\/wp-json\/wp\/v2\/media?parent=6082"}],"curies":[{"name":"wp","href":"https:\/\/api.w.org\/{rel}","templated":true}]}}