{"id":5328,"date":"2020-11-11T22:37:27","date_gmt":"2020-11-11T20:37:27","guid":{"rendered":"https:\/\/casatraca.com\/quartos\/quarto-bizantina\/"},"modified":"2020-12-29T21:46:19","modified_gmt":"2020-12-29T20:46:19","slug":"quarto-bizantina","status":"publish","type":"page","link":"https:\/\/casatraca.com\/pt-pt\/quartos\/quarto-bizantina\/","title":{"rendered":"Quarto Bizantina"},"content":{"rendered":"<p><div class=\"fusion-fullwidth fullwidth-box fusion-builder-row-1 fusion-flex-container nonhundred-percent-fullwidth non-hundred-percent-height-scrolling\" style=\"--awb-border-radius-top-left:0px;--awb-border-radius-top-right:0px;--awb-border-radius-bottom-right:0px;--awb-border-radius-bottom-left:0px;--awb-flex-wrap:wrap;\" ><div class=\"fusion-builder-row fusion-row fusion-flex-align-items-flex-start fusion-flex-content-wrap\" style=\"max-width:1248px;margin-left: calc(-4% \/ 2 );margin-right: calc(-4% \/ 2 );\"><div class=\"fusion-layout-column fusion_builder_column fusion-builder-column-0 fusion_builder_column_1_1 1_1 fusion-flex-column\" style=\"--awb-bg-size:cover;--awb-width-large:100%;--awb-margin-top-large:0px;--awb-spacing-right-large:1.92%;--awb-margin-bottom-large:0px;--awb-spacing-left-large:1.92%;--awb-width-medium:100%;--awb-spacing-right-medium:1.92%;--awb-spacing-left-medium:1.92%;--awb-width-small:100%;--awb-spacing-right-small:1.92%;--awb-spacing-left-small:1.92%;\"><div class=\"fusion-column-wrapper fusion-flex-justify-content-flex-start fusion-content-layout-column\"><div class=\"fusion-text fusion-text-1\"><h3 style=\"text-align: center;\">Dormindo como um sult\u00e3o na quarto Bizantina<strong><span style=\"text-align: left; color: #333333; text-transform: none; text-indent: 0px; letter-spacing: normal; font-family: Georgia,'Times New Roman','Bitstream Charter',Times,serif; font-size: 16px; font-style: normal; font-variant: normal; text-decoration: none; word-spacing: 0px; display: inline !important; white-space: normal; cursor: text; orphans: 2; float: none; -webkit-text-stroke-width: 0px; background-color: transparent;\">,<\/span><\/strong><\/h3>\n<blockquote>\n<p><strong>O quarto Bizantina \u00e9 o quarto ideal para fam\u00edlias, este quarto tem uma grande varanda e uma cama extra pode ser colocada.<\/strong><\/p>\n<\/blockquote>\n<div>A <strong>quarto Bizantina<\/strong> est\u00e1 decorada com cores orientais quentes. Inspirado na antiga Turquia, o imp\u00e9rio Biz\u00e1simo com a sua capital Constantinopla, atual Istambul. Caf\u00e9 e ch\u00e1 s\u00e3o derramados de cer\u00e2mica e vidro turcos originais. O quarto tem uma generosa \u00e1rea de estar com deliciosas almofadas (kelim) nas quais pode afundar com um livro ou um vinho da regi\u00e3o: vinho-verde. Tamb\u00e9m podemos transformar o sof\u00e1 em uma confort\u00e1vel cama para duas pessoas. Isto torna o quarto muito adequado tanto para casais como para fam\u00edlias com at\u00e9 2 crian\u00e7as.<\/div>\n<div><\/div>\n<div>Desfrute de um belo p\u00f4r-do-sol sobre as montanhas da sua varanda privada que percorre todo o comprimento da sala. Da varanda tem belas vistas sobre o vale do Monte d&#8217;Alto, esta \u00e9 tamb\u00e9m a magn\u00edfica vista de manh\u00e3 da sua cama! Que tal uma x\u00edcara de caf\u00e9 ou ch\u00e1 pela manh\u00e3 e muitos p\u00e1ssaros ouvem despertar. No quarto voc\u00ea tem a possibilidade de fazer caf\u00e9 e ch\u00e1.<\/div>\n<div><\/div>\n<div><img decoding=\"async\" class=\"alignleft wp-image-2473\" title=\"Bizantino\" src=\"https:\/\/casatraca.com\/wp-content\/uploads\/2018\/10\/Byzanthijnse-kamer-4-300x225.jpg\" alt=\"Quarto Bizantina\" width=\"375\" height=\"281\" srcset=\"https:\/\/casatraca.com\/wp-content\/uploads\/2018\/10\/Byzanthijnse-kamer-4-300x225.jpg 300w, https:\/\/casatraca.com\/wp-content\/uploads\/2018\/10\/Byzanthijnse-kamer-4-768x576.jpg 768w, https:\/\/casatraca.com\/wp-content\/uploads\/2018\/10\/Byzanthijnse-kamer-4-1024x768.jpg 1024w\" sizes=\"(max-width: 375px) 100vw, 375px\"> <img decoding=\"async\" class=\"alignleft wp-image-5062\" title=\"Bizantina\" src=\"https:\/\/casatraca.com\/wp-content\/uploads\/2018\/10\/Byzanthijnse-kamer-3-300x225.jpg\" alt=\"Quarto Bizantina\" width=\"375\" height=\"281\" srcset=\"https:\/\/casatraca.com\/wp-content\/uploads\/2018\/10\/Byzanthijnse-kamer-3-300x225.jpg 300w, https:\/\/casatraca.com\/wp-content\/uploads\/2018\/10\/Byzanthijnse-kamer-3-768x576.jpg 768w, https:\/\/casatraca.com\/wp-content\/uploads\/2018\/10\/Byzanthijnse-kamer-3-1024x768.jpg 1024w\" sizes=\"(max-width: 375px) 100vw, 375px\"><\/div>\n<div><\/div>\n<div><\/div>\n<div><\/div>\n<div><img decoding=\"async\" class=\"alignleft wp-image-5041\" src=\"https:\/\/casatraca.com\/wp-content\/uploads\/2019\/08\/Ledikant-bij-Casa-Traca-3-300x225.jpg\" alt=\"\" width=\"375\" height=\"281\" title=\"\" srcset=\"https:\/\/casatraca.com\/wp-content\/uploads\/2019\/08\/Ledikant-bij-Casa-Traca-3-300x225.jpg 300w, https:\/\/casatraca.com\/wp-content\/uploads\/2019\/08\/Ledikant-bij-Casa-Traca-3-768x576.jpg 768w, https:\/\/casatraca.com\/wp-content\/uploads\/2019\/08\/Ledikant-bij-Casa-Traca-3.jpg 816w\" sizes=\"(max-width: 375px) 100vw, 375px\" \/> <img decoding=\"async\" class=\"alignleft wp-image-5921\" src=\"https:\/\/casatraca.com\/wp-content\/uploads\/2019\/06\/Byzantijnse-kamer-3-1024x768.jpg\" alt=\"quarto bizantina\" width=\"375\" height=\"281\" title=\"\" srcset=\"https:\/\/casatraca.com\/wp-content\/uploads\/2019\/06\/Byzantijnse-kamer-3-300x225.jpg 300w, https:\/\/casatraca.com\/wp-content\/uploads\/2019\/06\/Byzantijnse-kamer-3-768x576.jpg 768w, https:\/\/casatraca.com\/wp-content\/uploads\/2019\/06\/Byzantijnse-kamer-3-1024x768.jpg 1024w\" sizes=\"(max-width: 375px) 100vw, 375px\"><img decoding=\"async\" class=\"alignleft wp-image-5920\" src=\"https:\/\/casatraca.com\/wp-content\/uploads\/2018\/10\/Balkon-byzanthijnse-kamer-2-1024x768.jpg\" alt=\"quarto bizantina\" width=\"375\" height=\"281\" title=\"\" srcset=\"https:\/\/casatraca.com\/wp-content\/uploads\/2018\/10\/Balkon-byzanthijnse-kamer-2-300x225.jpg 300w, https:\/\/casatraca.com\/wp-content\/uploads\/2018\/10\/Balkon-byzanthijnse-kamer-2-768x576.jpg 768w, https:\/\/casatraca.com\/wp-content\/uploads\/2018\/10\/Balkon-byzanthijnse-kamer-2-1024x768.jpg 1024w\" sizes=\"(max-width: 375px) 100vw, 375px\"><img decoding=\"async\" class=\"alignleft wp-image-5325\" src=\"https:\/\/casatraca.com\/wp-content\/uploads\/2019\/08\/Ledikant-bij-Casa-Traca-2-300x225.jpg\" alt=\"ber\u00e7o de cama de beb\u00ea\" width=\"375\" height=\"281\" title=\"\" srcset=\"https:\/\/casatraca.com\/wp-content\/uploads\/2019\/08\/Ledikant-bij-Casa-Traca-2-300x225.jpg 300w, https:\/\/casatraca.com\/wp-content\/uploads\/2019\/08\/Ledikant-bij-Casa-Traca-2-768x576.jpg 768w, https:\/\/casatraca.com\/wp-content\/uploads\/2019\/08\/Ledikant-bij-Casa-Traca-2.jpg 816w\" sizes=\"(max-width: 375px) 100vw, 375px\"><\/div>\n<div><\/div>\n<blockquote>\n<h4><\/h4>\n<h4><\/h4>\n<h4>Extras desta sala:<\/h4>\n<\/blockquote>\n<ul>\n<li>\n<blockquote>\n<p>Neste quarto pode ser adicionado um ber\u00e7o &#8211; \u20ac 5,00 por noite, incluindo linho<\/p>\n<\/blockquote>\n<\/li>\n<li>\n<blockquote>\n<p>No quarto Byzanthin \u00e9 permitido um c\u00e3o &#8211; \u20ac 5,00 por noite.<\/p>\n<\/blockquote>\n<\/li>\n<\/ul>\n<div><\/div>\n<div>A casa de banho \u00e9 partilhada com o <a href=\"https:\/\/casatraca.com\/4-kamers-en-3-badkamers-en-tuin-2\/retro-kamer-3-persoonskamer\/\" target=\"_blank\" rel=\"noopener noreferrer\">quarto Retro<\/a> e a sala do <a href=\"https:\/\/casatraca.com\/4-kamers-en-3-badkamers-en-tuin-2\/far-east-missionaris-kamer\/\" target=\"_blank\" rel=\"noopener noreferrer\">Extremo Oriente<\/a> no mesmo andar. Tens a tua pr\u00f3pria sec\u00e7\u00e3o no arm\u00e1rio da casa de banho. Toalhas e roupa de cama est\u00e3o inclu\u00eddas. Tomamos em considera\u00e7\u00e3o o ambiente e mudamos as toalhas uma vez a cada 3 dias ou a pedido com mais frequ\u00eancia. N\u00f3s, como os nossos compatriotas portugueses, tentamos levar em conta o ambiente. A roupa de cama \u00e9 mudada uma vez por semana ou mais frequentemente em tempo quente, a pedido.<\/div>\n<div><\/div>\n<div>Para mais fotos de humor e impress\u00f5es sobre Bed e Breakast Casa Traca <a href=\"https:\/\/www.instagram.com\/casatraca_bedandbreakfast\/\" target=\"_blank\" rel=\"noopener noreferrer\">siga-nos no Instagram.<\/a><\/div>\n<div><\/div>\n<div class=\"video-shortcode\"><iframe title=\"Casa Traca Byzanthijnse kamer\" width=\"1200\" height=\"675\" src=\"https:\/\/www.youtube.com\/embed\/kRUj7nXspp8?feature=oembed\" frameborder=\"0\" allow=\"accelerometer; autoplay; clipboard-write; encrypted-media; gyroscope; picture-in-picture\" allowfullscreen><\/iframe><\/div>\n<p style=\"text-align: center;\"><a class=\"\" id=\"beds24book_6419_10773_0\" style=\"text-decoration:none;\" href=\"https:\/\/casatraca.com\/pt-pt\/portugues-sobre-nos-portugal\/?1&#038;ownerid=6419&#038;propid=10773&#038;checkin=2026-04-24&#038;numnight=2&#038;numadult=2&#038;numchild=0&#038;referer=Website+Casa+Traca&#038;\"><button class=\"beds24_bookbutton\" style=\"cursor: pointer;color: #ffffff;padding: 14px;background-color: #280d7a;\">Reserve aqui<\/button><\/a><\/p>\n<\/div><\/div><\/div><\/div><\/div><div class=\"fusion-fullwidth fullwidth-box fusion-builder-row-2 fusion-flex-container nonhundred-percent-fullwidth non-hundred-percent-height-scrolling\" style=\"--awb-border-radius-top-left:0px;--awb-border-radius-top-right:0px;--awb-border-radius-bottom-right:0px;--awb-border-radius-bottom-left:0px;--awb-flex-wrap:wrap;\" ><div class=\"fusion-builder-row fusion-row fusion-flex-align-items-flex-start fusion-flex-content-wrap\" style=\"max-width:1248px;margin-left: calc(-4% \/ 2 );margin-right: calc(-4% \/ 2 );\"><div class=\"fusion-layout-column fusion_builder_column fusion-builder-column-1 fusion_builder_column_1_1 1_1 fusion-flex-column\" style=\"--awb-bg-size:cover;--awb-width-large:100%;--awb-margin-top-large:0px;--awb-spacing-right-large:1.92%;--awb-margin-bottom-large:20px;--awb-spacing-left-large:1.92%;--awb-width-medium:100%;--awb-order-medium:0;--awb-spacing-right-medium:1.92%;--awb-spacing-left-medium:1.92%;--awb-width-small:100%;--awb-order-small:0;--awb-spacing-right-small:1.92%;--awb-spacing-left-small:1.92%;\"><div class=\"fusion-column-wrapper fusion-column-has-shadow fusion-flex-justify-content-flex-start fusion-content-layout-column\"><div class=\"fusion-title title fusion-title-1 fusion-sep-none fusion-title-center fusion-title-text fusion-title-size-four\" style=\"--awb-margin-top-small:10px;--awb-margin-right-small:0px;--awb-margin-bottom-small:10px;--awb-margin-left-small:0px;\"><h4 class=\"fusion-title-heading title-heading-center\" style=\"margin:0;\">Especifica\u00e7\u00f5es do quarto Bizantina<\/h4><\/div><\/div><\/div><div class=\"fusion-layout-column fusion_builder_column fusion-builder-column-2 fusion_builder_column_1_3 1_3 fusion-flex-column fusion-flex-align-self-center\" style=\"--awb-bg-size:cover;--awb-width-large:33.333333333333%;--awb-margin-top-large:0px;--awb-spacing-right-large:5.76%;--awb-margin-bottom-large:20px;--awb-spacing-left-large:5.76%;--awb-width-medium:33.333333333333%;--awb-order-medium:0;--awb-spacing-right-medium:5.76%;--awb-spacing-left-medium:5.76%;--awb-width-small:100%;--awb-order-small:0;--awb-spacing-right-small:1.92%;--awb-spacing-left-small:1.92%;\"><div class=\"fusion-column-wrapper fusion-column-has-shadow fusion-flex-justify-content-center fusion-content-layout-column\"><i class=\"fb-icon-element-1 fb-icon-element fontawesome-icon fa-check fas circle-yes fusion-text-flow\" style=\"--awb-circlecolor:#011b56;--awb-circlebordersize:1px;--awb-font-size:28.16px;--awb-width:56.32px;--awb-height:56.32px;--awb-line-height:54.32px;--awb-margin-right:16px;\"><\/i><\/div><\/div><div class=\"fusion-layout-column fusion_builder_column fusion-builder-column-3 fusion_builder_column_1_3 1_3 fusion-flex-column\" style=\"--awb-bg-size:cover;--awb-width-large:33.333333333333%;--awb-margin-top-large:0px;--awb-spacing-right-large:5.76%;--awb-margin-bottom-large:20px;--awb-spacing-left-large:5.76%;--awb-width-medium:33.333333333333%;--awb-order-medium:0;--awb-spacing-right-medium:5.76%;--awb-spacing-left-medium:5.76%;--awb-width-small:100%;--awb-order-small:0;--awb-spacing-right-small:1.92%;--awb-spacing-left-small:1.92%;\"><div class=\"fusion-column-wrapper fusion-column-has-shadow fusion-flex-justify-content-flex-start fusion-content-layout-column\"><ul style=\"--awb-line-height:27.2px;--awb-icon-width:27.2px;--awb-icon-height:27.2px;--awb-icon-margin:11.2px;--awb-content-margin:38.4px;--awb-circlecolor:#65bc7b;--awb-circle-yes-font-size:14.08px;\" class=\"fusion-checklist fusion-checklist-1 fusion-checklist-default type-icons\"><li class=\"fusion-li-item\" style=\"\"><span class=\"icon-wrapper circle-yes\"><i class=\"fusion-li-icon fa-tshirt fas\" aria-hidden=\"true\"><\/i><\/span><div class=\"fusion-li-item-content\">\n<p>Inclui roup\u00f5es de banho, secador de cabelo, sabonete<\/p>\n<\/div><\/li><li class=\"fusion-li-item\" style=\"\"><span class=\"icon-wrapper circle-yes\"><i class=\"fusion-li-icon fa-wifi fas\" aria-hidden=\"true\"><\/i><\/span><div class=\"fusion-li-item-content\">\n<p>Wifi gr\u00e1tis<\/p>\n<\/div><\/li><li class=\"fusion-li-item\" style=\"\"><span class=\"icon-wrapper circle-yes\"><i class=\"fusion-li-icon fa-coffee fas\" aria-hidden=\"true\"><\/i><\/span><div class=\"fusion-li-item-content\">\n<p>Caf\u00e9 e ch\u00e1 gr\u00e1tis no quarto<\/p>\n<\/div><\/li><li class=\"fusion-li-item\" style=\"\"><span class=\"icon-wrapper circle-yes\"><i class=\"fusion-li-icon fa-bread-slice fas\" aria-hidden=\"true\"><\/i><\/span><div class=\"fusion-li-item-content\">\n<p>Pequeno-almo\u00e7o incluido<\/p>\n<\/div><\/li><li class=\"fusion-li-item\" style=\"\"><span class=\"icon-wrapper circle-yes\"><i class=\"fusion-li-icon fa-baby fas\" aria-hidden=\"true\"><\/i><\/span><div class=\"fusion-li-item-content\">\n<p>Ber\u00e7o poss\u00edvel<\/p>\n<\/div><\/li><li class=\"fusion-li-item\" style=\"\"><span class=\"icon-wrapper circle-yes\"><i class=\"fusion-li-icon fa-home fas\" aria-hidden=\"true\"><\/i><\/span><div class=\"fusion-li-item-content\">\n<p>Grande varanda privada<\/p>\n<\/div><\/li><\/ul><\/div><\/div><div class=\"fusion-layout-column fusion_builder_column fusion-builder-column-4 fusion_builder_column_1_3 1_3 fusion-flex-column\" style=\"--awb-bg-size:cover;--awb-width-large:33.333333333333%;--awb-margin-top-large:0px;--awb-spacing-right-large:5.76%;--awb-margin-bottom-large:20px;--awb-spacing-left-large:5.76%;--awb-width-medium:33.333333333333%;--awb-order-medium:0;--awb-spacing-right-medium:5.76%;--awb-spacing-left-medium:5.76%;--awb-width-small:100%;--awb-order-small:0;--awb-spacing-right-small:1.92%;--awb-spacing-left-small:1.92%;\"><div class=\"fusion-column-wrapper fusion-column-has-shadow fusion-flex-justify-content-flex-start fusion-content-layout-column\"><ul style=\"--awb-line-height:27.2px;--awb-icon-width:27.2px;--awb-icon-height:27.2px;--awb-icon-margin:11.2px;--awb-content-margin:38.4px;--awb-circlecolor:#65bc7b;--awb-circle-yes-font-size:14.08px;\" class=\"fusion-checklist fusion-checklist-2 fusion-checklist-default type-icons\"><li class=\"fusion-li-item\" style=\"\"><span class=\"icon-wrapper circle-yes\"><i class=\"fusion-li-icon fa-bed fas\" aria-hidden=\"true\"><\/i><\/span><div class=\"fusion-li-item-content\">\n<p>Uma cama de casal<\/p>\n<\/div><\/li><li class=\"fusion-li-item\" style=\"\"><span class=\"icon-wrapper circle-yes\"><i class=\"fusion-li-icon fa-bed fas\" aria-hidden=\"true\"><\/i><\/span><div class=\"fusion-li-item-content\">\n<p>1 sof\u00e1-cama 2 pessoas<\/p>\n<\/div><\/li><li class=\"fusion-li-item\" style=\"\"><span class=\"icon-wrapper circle-yes\"><i class=\"fusion-li-icon fa-home fas\" aria-hidden=\"true\"><\/i><\/span><div class=\"fusion-li-item-content\">\n<p>Tamanho do quarto 35 m2<\/p>\n<\/div><\/li><li class=\"fusion-li-item\" style=\"\"><span class=\"icon-wrapper circle-yes\"><i class=\"fusion-li-icon fa-clock fas\" aria-hidden=\"true\"><\/i><\/span><div class=\"fusion-li-item-content\">\n<p>Check-out tardio poss\u00edvel<\/p>\n<\/div><\/li><li class=\"fusion-li-item\" style=\"\"><span class=\"icon-wrapper circle-yes\"><i class=\"fusion-li-icon fa-dog fas\" aria-hidden=\"true\"><\/i><\/span><div class=\"fusion-li-item-content\">\n<p>C\u00e3es permitidos<\/p>\n<\/div><\/li><\/ul><\/div><\/div><\/div><\/div><\/p>\n","protected":false},"excerpt":{"rendered":"","protected":false},"author":2,"featured_media":4897,"parent":2615,"menu_order":3,"comment_status":"closed","ping_status":"closed","template":"","meta":{"footnotes":""},"class_list":["post-5328","page","type-page","status-publish","has-post-thumbnail","hentry"],"_links":{"self":[{"href":"https:\/\/casatraca.com\/pt-pt\/wp-json\/wp\/v2\/pages\/5328","targetHints":{"allow":["GET"]}}],"collection":[{"href":"https:\/\/casatraca.com\/pt-pt\/wp-json\/wp\/v2\/pages"}],"about":[{"href":"https:\/\/casatraca.com\/pt-pt\/wp-json\/wp\/v2\/types\/page"}],"author":[{"embeddable":true,"href":"https:\/\/casatraca.com\/pt-pt\/wp-json\/wp\/v2\/users\/2"}],"replies":[{"embeddable":true,"href":"https:\/\/casatraca.com\/pt-pt\/wp-json\/wp\/v2\/comments?post=5328"}],"version-history":[{"count":0,"href":"https:\/\/casatraca.com\/pt-pt\/wp-json\/wp\/v2\/pages\/5328\/revisions"}],"up":[{"embeddable":true,"href":"https:\/\/casatraca.com\/pt-pt\/wp-json\/wp\/v2\/pages\/2615"}],"wp:featuredmedia":[{"embeddable":true,"href":"https:\/\/casatraca.com\/pt-pt\/wp-json\/wp\/v2\/media\/4897"}],"wp:attachment":[{"href":"https:\/\/casatraca.com\/pt-pt\/wp-json\/wp\/v2\/media?parent=5328"}],"curies":[{"name":"wp","href":"https:\/\/api.w.org\/{rel}","templated":true}]}}