{"id":5311,"date":"2020-11-11T22:30:27","date_gmt":"2020-11-11T20:30:27","guid":{"rendered":"https:\/\/casatraca.com\/quartos\/quarto-retro\/"},"modified":"2020-12-29T21:10:39","modified_gmt":"2020-12-29T20:10:39","slug":"quarto-retro","status":"publish","type":"page","link":"https:\/\/casatraca.com\/pt-pt\/quartos\/quarto-retro\/","title":{"rendered":"Quarto retro"},"content":{"rendered":"<p><div class=\"fusion-fullwidth fullwidth-box fusion-builder-row-1 fusion-flex-container nonhundred-percent-fullwidth non-hundred-percent-height-scrolling\" style=\"--awb-border-radius-top-left:0px;--awb-border-radius-top-right:0px;--awb-border-radius-bottom-right:0px;--awb-border-radius-bottom-left:0px;--awb-flex-wrap:wrap;\" ><div class=\"fusion-builder-row fusion-row fusion-flex-align-items-flex-start fusion-flex-content-wrap\" style=\"max-width:1248px;margin-left: calc(-4% \/ 2 );margin-right: calc(-4% \/ 2 );\"><div class=\"fusion-layout-column fusion_builder_column fusion-builder-column-0 fusion_builder_column_1_1 1_1 fusion-flex-column\" style=\"--awb-bg-size:cover;--awb-width-large:100%;--awb-margin-top-large:0px;--awb-spacing-right-large:1.92%;--awb-margin-bottom-large:20px;--awb-spacing-left-large:1.92%;--awb-width-medium:100%;--awb-order-medium:0;--awb-spacing-right-medium:1.92%;--awb-spacing-left-medium:1.92%;--awb-width-small:100%;--awb-order-small:0;--awb-spacing-right-small:1.92%;--awb-spacing-left-small:1.92%;\"><div class=\"fusion-column-wrapper fusion-column-has-shadow fusion-flex-justify-content-flex-start fusion-content-layout-column\"><div class=\"fusion-title title fusion-title-1 fusion-sep-none fusion-title-text fusion-title-size-two\" style=\"--awb-margin-top-small:10px;--awb-margin-right-small:0px;--awb-margin-bottom-small:10px;--awb-margin-left-small:0px;\"><h2 class=\"fusion-title-heading title-heading-left\" style=\"margin:0;\">Quarto Retro<\/h2><\/div><\/div><\/div><\/div><\/div><div class=\"fusion-fullwidth fullwidth-box fusion-builder-row-2 fusion-flex-container nonhundred-percent-fullwidth non-hundred-percent-height-scrolling\" style=\"--awb-border-radius-top-left:0px;--awb-border-radius-top-right:0px;--awb-border-radius-bottom-right:0px;--awb-border-radius-bottom-left:0px;--awb-flex-wrap:wrap;\" ><div class=\"fusion-builder-row fusion-row fusion-flex-align-items-flex-start fusion-flex-content-wrap\" style=\"max-width:1248px;margin-left: calc(-4% \/ 2 );margin-right: calc(-4% \/ 2 );\"><div class=\"fusion-layout-column fusion_builder_column fusion-builder-column-1 fusion_builder_column_1_1 1_1 fusion-flex-column\" style=\"--awb-bg-size:cover;--awb-width-large:100%;--awb-margin-top-large:0px;--awb-spacing-right-large:1.92%;--awb-margin-bottom-large:0px;--awb-spacing-left-large:1.92%;--awb-width-medium:100%;--awb-spacing-right-medium:1.92%;--awb-spacing-left-medium:1.92%;--awb-width-small:100%;--awb-spacing-right-small:1.92%;--awb-spacing-left-small:1.92%;\"><div class=\"fusion-column-wrapper fusion-flex-justify-content-flex-start fusion-content-layout-column\"><div class=\"fusion-text fusion-text-1\"><h3>Durma como nos anos sessenta e setenta: Quarto retro!<\/h3>\n<h4>O quarto Retro, o quarto perfeito se voc\u00ea estiver viajando com uma crian\u00e7a<\/h4>\n<p>O quarto Retro fica no primeiro andar. Esta sala leva-nos de volta no tempo aos anos 70 do s\u00e9culo XX. Em resposta \u00e0s altera\u00e7\u00f5es clim\u00e1ticas pol\u00edticas e aos problemas globais, foram feitas in\u00fameras tentativas para encontrar alternativas \u00e0s formas de vida habituais. Este per\u00edodo Retro inspirou-nos a esta sala: formas e cores alternativas e ainda uma unidade.<\/p>\n<p>Nesta sala encontrar\u00e1 a sua pr\u00f3pria op\u00e7\u00e3o de caf\u00e9 e ch\u00e1 em estilo retro. Este quarto \u00e9 ideal para v\u00e1rias pessoas: o quarto tem um sof\u00e1 que garante uma noite de sono maravilhosa. Cobramos uma pequena taxa por noite. Ainda h\u00e1 espa\u00e7o no quarto para uma estadia agrad\u00e1vel.<\/p>\n<p><a href=\"https:\/\/casatraca.com\/wp-content\/uploads\/2016\/04\/Retro-Room-4.jpg\"><img decoding=\"async\" class=\"alignleft wp-image-5312\" title=\"quarto retro\" src=\"https:\/\/casatraca.com\/wp-content\/uploads\/2016\/04\/Retro-Room-4-300x225.jpg\" alt=\"Quarto Retro 4\" width=\"375\" height=\"281\" srcset=\"https:\/\/casatraca.com\/wp-content\/uploads\/2016\/04\/Retro-Room-4-300x225.jpg 300w, https:\/\/casatraca.com\/wp-content\/uploads\/2016\/04\/Retro-Room-4-768x576.jpg 768w, https:\/\/casatraca.com\/wp-content\/uploads\/2016\/04\/Retro-Room-4-1024x768.jpg 1024w\" sizes=\"(max-width: 375px) 100vw, 375px\"><\/a> <img decoding=\"async\" class=\"alignleft wp-image-5322\" title=\"Quarto retro\" src=\"https:\/\/casatraca.com\/wp-content\/uploads\/2018\/10\/Casa-traca-Retro-extra-bed-3-300x225.jpg\" alt=\"Quarto retro\" width=\"375\" height=\"281\" srcset=\"https:\/\/casatraca.com\/wp-content\/uploads\/2018\/10\/Casa-traca-Retro-extra-bed-3-300x225.jpg 300w, https:\/\/casatraca.com\/wp-content\/uploads\/2018\/10\/Casa-traca-Retro-extra-bed-3-768x576.jpg 768w, https:\/\/casatraca.com\/wp-content\/uploads\/2018\/10\/Casa-traca-Retro-extra-bed-3-1024x768.jpg 1024w\" sizes=\"(max-width: 375px) 100vw, 375px\"> <img decoding=\"async\" class=\"alignleft wp-image-2624\" src=\"https:\/\/casatraca.com\/wp-content\/uploads\/2019\/02\/Casa-Traca-retro-kamer-1-300x225.jpg\" alt=\"quarto retro B&amp;B centro de portugal\" width=\"375\" height=\"281\" title=\"\" srcset=\"https:\/\/casatraca.com\/wp-content\/uploads\/2019\/02\/Casa-Traca-retro-kamer-1-300x225.jpg 300w, https:\/\/casatraca.com\/wp-content\/uploads\/2019\/02\/Casa-Traca-retro-kamer-1-768x576.jpg 768w, https:\/\/casatraca.com\/wp-content\/uploads\/2019\/02\/Casa-Traca-retro-kamer-1-1024x768.jpg 1024w\" sizes=\"(max-width: 375px) 100vw, 375px\"><\/p>\n<p>Roupa de cama e toalhas est\u00e3o inclu\u00eddas. As toalhas s\u00e3o mudadas a pedido, tentamos ter o m\u00e1ximo de considera\u00e7\u00e3o poss\u00edvel do ambiente. Assim como os nossos alde\u00f5es portugueses fazem. A roupa de cama \u00e9 basicamente alterada uma vez por semana, a temperaturas mais altas \u00e9 poss\u00edvel faz\u00ea-lo com mais frequ\u00eancia.<\/p>\n<h3>Para os nossos convidados mais jovens<\/h3>\n<p>No quarto Retro \u00e9 poss\u00edvel adicionar uma cama de beb\u00ea. Os custos para isso s\u00e3o de 5,00\u20ac por noite. Isto inclui linhos e saco de dormir.<\/p>\n<p><img decoding=\"async\" class=\"alignleft wp-image-5041\" src=\"https:\/\/casatraca.com\/wp-content\/uploads\/2019\/08\/Ledikant-bij-Casa-Traca-3-300x225.jpg\" alt=\"\" width=\"375\" height=\"281\" title=\"\" srcset=\"https:\/\/casatraca.com\/wp-content\/uploads\/2019\/08\/Ledikant-bij-Casa-Traca-3-300x225.jpg 300w, https:\/\/casatraca.com\/wp-content\/uploads\/2019\/08\/Ledikant-bij-Casa-Traca-3-768x576.jpg 768w, https:\/\/casatraca.com\/wp-content\/uploads\/2019\/08\/Ledikant-bij-Casa-Traca-3.jpg 816w\" sizes=\"(max-width: 375px) 100vw, 375px\" \/> <img decoding=\"async\" class=\"alignleft wp-image-5325\" src=\"https:\/\/casatraca.com\/wp-content\/uploads\/2019\/08\/Ledikant-bij-Casa-Traca-2-300x225.jpg\" alt=\"ber\u00e7o de cama de beb\u00ea\" width=\"375\" height=\"281\" title=\"\" srcset=\"https:\/\/casatraca.com\/wp-content\/uploads\/2019\/08\/Ledikant-bij-Casa-Traca-2-300x225.jpg 300w, https:\/\/casatraca.com\/wp-content\/uploads\/2019\/08\/Ledikant-bij-Casa-Traca-2-768x576.jpg 768w, https:\/\/casatraca.com\/wp-content\/uploads\/2019\/08\/Ledikant-bij-Casa-Traca-2.jpg 816w\" sizes=\"(max-width: 375px) 100vw, 375px\"> <img decoding=\"async\" class=\"alignleft wp-image-5898\" src=\"https:\/\/casatraca.com\/wp-content\/uploads\/2019\/06\/Casa-Traca-retro-kamer-4-1024x768.jpg\" alt=\"quarto retro\" width=\"375\" height=\"281\" title=\"\" srcset=\"https:\/\/casatraca.com\/wp-content\/uploads\/2019\/06\/Casa-Traca-retro-kamer-4-300x225.jpg 300w, https:\/\/casatraca.com\/wp-content\/uploads\/2019\/06\/Casa-Traca-retro-kamer-4-768x576.jpg 768w, https:\/\/casatraca.com\/wp-content\/uploads\/2019\/06\/Casa-Traca-retro-kamer-4-1024x768.jpg 1024w\" sizes=\"(max-width: 375px) 100vw, 375px\"><\/p>\n<p>O quarto usa uma grande casa de banho partilhada neste andar. Nesta casa de banho, cada quarto de h\u00f3spedes pode ter a sua pr\u00f3pria \u00e1rea de arm\u00e1rio e cabide de secador de toalhas. \u00c9 o nosso maior quarto de h\u00f3spedes e tem cerca de 35m2 e apresenta um ador\u00e1vel reclin\u00e1vel.<\/p>\n<p>Veja tamb\u00e9m a nossa conta de <a href=\"https:\/\/www.instagram.com\/casatraca_bedandbreakfast\/\" rel=\"nofollow noopener\" target=\"_blank\">instagram<\/a> para mais fotos de humor.<\/p>\n<div class=\"video-shortcode\"><iframe title=\"Casa Traca Retro Room\" width=\"1200\" height=\"675\" src=\"https:\/\/www.youtube.com\/embed\/nHpFquwy880?feature=oembed\" frameborder=\"0\" allow=\"accelerometer; autoplay; clipboard-write; encrypted-media; gyroscope; picture-in-picture\" allowfullscreen><\/iframe><\/div>\n<p style=\"text-align: center;\"><a class=\"\" id=\"beds24book_6419_10773_0\" style=\"text-decoration:none;\" href=\"https:\/\/casatraca.com\/pt-pt\/portugues-sobre-nos-portugal\/?1&#038;ownerid=6419&#038;propid=10773&#038;checkin=2026-04-16&#038;numnight=2&#038;numadult=2&#038;numchild=0&#038;referer=Website+Casa+Traca&#038;\"><button class=\"beds24_bookbutton\" style=\"cursor: pointer;color: #ffffff;padding: 14px;background-color: #280d7a;\">Reserve aqui<\/button><\/a><\/p>\n<\/div><\/div><\/div><\/div><\/div><div class=\"fusion-fullwidth fullwidth-box fusion-builder-row-3 fusion-flex-container nonhundred-percent-fullwidth non-hundred-percent-height-scrolling\" style=\"--awb-border-radius-top-left:0px;--awb-border-radius-top-right:0px;--awb-border-radius-bottom-right:0px;--awb-border-radius-bottom-left:0px;--awb-flex-wrap:wrap;\" ><div class=\"fusion-builder-row fusion-row fusion-flex-align-items-flex-start fusion-flex-content-wrap\" style=\"max-width:1248px;margin-left: calc(-4% \/ 2 );margin-right: calc(-4% \/ 2 );\"><div class=\"fusion-layout-column fusion_builder_column fusion-builder-column-2 fusion_builder_column_1_1 1_1 fusion-flex-column\" style=\"--awb-bg-size:cover;--awb-width-large:100%;--awb-margin-top-large:0px;--awb-spacing-right-large:1.92%;--awb-margin-bottom-large:20px;--awb-spacing-left-large:1.92%;--awb-width-medium:100%;--awb-order-medium:0;--awb-spacing-right-medium:1.92%;--awb-spacing-left-medium:1.92%;--awb-width-small:100%;--awb-order-small:0;--awb-spacing-right-small:1.92%;--awb-spacing-left-small:1.92%;\"><div class=\"fusion-column-wrapper fusion-column-has-shadow fusion-flex-justify-content-flex-start fusion-content-layout-column\"><div class=\"fusion-title title fusion-title-2 fusion-sep-none fusion-title-center fusion-title-text fusion-title-size-four\" style=\"--awb-margin-top-small:10px;--awb-margin-right-small:0px;--awb-margin-bottom-small:10px;--awb-margin-left-small:0px;\"><h4 class=\"fusion-title-heading title-heading-center\" style=\"margin:0;\">Especifica\u00e7\u00f5es do quarto Retro<\/p><\/h4><\/div><\/div><\/div><div class=\"fusion-layout-column fusion_builder_column fusion-builder-column-3 fusion_builder_column_1_3 1_3 fusion-flex-column fusion-flex-align-self-center\" style=\"--awb-bg-size:cover;--awb-width-large:33.333333333333%;--awb-margin-top-large:0px;--awb-spacing-right-large:5.76%;--awb-margin-bottom-large:20px;--awb-spacing-left-large:5.76%;--awb-width-medium:33.333333333333%;--awb-order-medium:0;--awb-spacing-right-medium:5.76%;--awb-spacing-left-medium:5.76%;--awb-width-small:100%;--awb-order-small:0;--awb-spacing-right-small:1.92%;--awb-spacing-left-small:1.92%;\"><div class=\"fusion-column-wrapper fusion-column-has-shadow fusion-flex-justify-content-center fusion-content-layout-column\"><i class=\"fb-icon-element-1 fb-icon-element fontawesome-icon fa-check fas circle-yes fusion-text-flow\" style=\"--awb-circlecolor:#011b56;--awb-circlebordersize:1px;--awb-font-size:28.16px;--awb-width:56.32px;--awb-height:56.32px;--awb-line-height:54.32px;--awb-margin-right:16px;\"><\/i><\/div><\/div><div class=\"fusion-layout-column fusion_builder_column fusion-builder-column-4 fusion_builder_column_1_3 1_3 fusion-flex-column\" style=\"--awb-bg-size:cover;--awb-width-large:33.333333333333%;--awb-margin-top-large:0px;--awb-spacing-right-large:5.76%;--awb-margin-bottom-large:20px;--awb-spacing-left-large:5.76%;--awb-width-medium:33.333333333333%;--awb-order-medium:0;--awb-spacing-right-medium:5.76%;--awb-spacing-left-medium:5.76%;--awb-width-small:100%;--awb-order-small:0;--awb-spacing-right-small:1.92%;--awb-spacing-left-small:1.92%;\"><div class=\"fusion-column-wrapper fusion-column-has-shadow fusion-flex-justify-content-flex-start fusion-content-layout-column\"><ul style=\"--awb-line-height:27.2px;--awb-icon-width:27.2px;--awb-icon-height:27.2px;--awb-icon-margin:11.2px;--awb-content-margin:38.4px;--awb-circlecolor:#65bc7b;--awb-circle-yes-font-size:14.08px;\" class=\"fusion-checklist fusion-checklist-1 fusion-checklist-default type-icons\"><li class=\"fusion-li-item\" style=\"\"><span class=\"icon-wrapper circle-yes\"><i class=\"fusion-li-icon fa-tshirt fas\" aria-hidden=\"true\"><\/i><\/span><div class=\"fusion-li-item-content\">\n<p>Inclui roup\u00f5es de banho, secador de cabelo, sabonete<\/p>\n<\/div><\/li><li class=\"fusion-li-item\" style=\"\"><span class=\"icon-wrapper circle-yes\"><i class=\"fusion-li-icon fa-wifi fas\" aria-hidden=\"true\"><\/i><\/span><div class=\"fusion-li-item-content\">\n<p>Wifi gr\u00e1tis<\/p>\n<\/div><\/li><li class=\"fusion-li-item\" style=\"\"><span class=\"icon-wrapper circle-yes\"><i class=\"fusion-li-icon fa-coffee fas\" aria-hidden=\"true\"><\/i><\/span><div class=\"fusion-li-item-content\">\n<p>Caf\u00e9 e ch\u00e1 gr\u00e1tis no quarto<\/p>\n<\/div><\/li><li class=\"fusion-li-item\" style=\"\"><span class=\"icon-wrapper circle-yes\"><i class=\"fusion-li-icon fa-bread-slice fas\" aria-hidden=\"true\"><\/i><\/span><div class=\"fusion-li-item-content\">\n<p>Pequeno-almo\u00e7o incluido<\/p>\n<\/div><\/li><li class=\"fusion-li-item\" style=\"\"><span class=\"icon-wrapper circle-yes\"><i class=\"fusion-li-icon fa-baby fas\" aria-hidden=\"true\"><\/i><\/span><div class=\"fusion-li-item-content\">\n<p>Ber\u00e7o poss\u00edvel<\/p>\n<\/div><\/li><\/ul><\/div><\/div><div class=\"fusion-layout-column fusion_builder_column fusion-builder-column-5 fusion_builder_column_1_3 1_3 fusion-flex-column\" style=\"--awb-bg-size:cover;--awb-width-large:33.333333333333%;--awb-margin-top-large:0px;--awb-spacing-right-large:5.76%;--awb-margin-bottom-large:20px;--awb-spacing-left-large:5.76%;--awb-width-medium:33.333333333333%;--awb-order-medium:0;--awb-spacing-right-medium:5.76%;--awb-spacing-left-medium:5.76%;--awb-width-small:100%;--awb-order-small:0;--awb-spacing-right-small:1.92%;--awb-spacing-left-small:1.92%;\"><div class=\"fusion-column-wrapper fusion-column-has-shadow fusion-flex-justify-content-flex-start fusion-content-layout-column\"><ul style=\"--awb-line-height:27.2px;--awb-icon-width:27.2px;--awb-icon-height:27.2px;--awb-icon-margin:11.2px;--awb-content-margin:38.4px;--awb-circlecolor:#65bc7b;--awb-circle-yes-font-size:14.08px;\" class=\"fusion-checklist fusion-checklist-2 fusion-checklist-default type-icons\"><li class=\"fusion-li-item\" style=\"\"><span class=\"icon-wrapper circle-yes\"><i class=\"fusion-li-icon fa-bed fas\" aria-hidden=\"true\"><\/i><\/span><div class=\"fusion-li-item-content\">\n<p>Uma cama de casal<\/p>\n<\/div><\/li><li class=\"fusion-li-item\" style=\"\"><span class=\"icon-wrapper circle-yes\"><i class=\"fusion-li-icon fa-bed fas\" aria-hidden=\"true\"><\/i><\/span><div class=\"fusion-li-item-content\">\n<p>Uma sof\u00e1-cama<\/p>\n<\/div><\/li><li class=\"fusion-li-item\" style=\"\"><span class=\"icon-wrapper circle-yes\"><i class=\"fusion-li-icon fa-home fas\" aria-hidden=\"true\"><\/i><\/span><div class=\"fusion-li-item-content\">\n<p>Tamanho do quarto 35 m2<\/p>\n<\/div><\/li><li class=\"fusion-li-item\" style=\"\"><span class=\"icon-wrapper circle-yes\"><i class=\"fusion-li-icon fa-clock fas\" aria-hidden=\"true\"><\/i><\/span><div class=\"fusion-li-item-content\">\n<p>Check-out tardio poss\u00edvel<\/p>\n<\/div><\/li><\/ul><\/div><\/div><\/div><\/div><\/p>\n","protected":false},"excerpt":{"rendered":"","protected":false},"author":2,"featured_media":4667,"parent":2615,"menu_order":2,"comment_status":"closed","ping_status":"closed","template":"","meta":{"footnotes":""},"class_list":["post-5311","page","type-page","status-publish","has-post-thumbnail","hentry"],"_links":{"self":[{"href":"https:\/\/casatraca.com\/pt-pt\/wp-json\/wp\/v2\/pages\/5311","targetHints":{"allow":["GET"]}}],"collection":[{"href":"https:\/\/casatraca.com\/pt-pt\/wp-json\/wp\/v2\/pages"}],"about":[{"href":"https:\/\/casatraca.com\/pt-pt\/wp-json\/wp\/v2\/types\/page"}],"author":[{"embeddable":true,"href":"https:\/\/casatraca.com\/pt-pt\/wp-json\/wp\/v2\/users\/2"}],"replies":[{"embeddable":true,"href":"https:\/\/casatraca.com\/pt-pt\/wp-json\/wp\/v2\/comments?post=5311"}],"version-history":[{"count":0,"href":"https:\/\/casatraca.com\/pt-pt\/wp-json\/wp\/v2\/pages\/5311\/revisions"}],"up":[{"embeddable":true,"href":"https:\/\/casatraca.com\/pt-pt\/wp-json\/wp\/v2\/pages\/2615"}],"wp:featuredmedia":[{"embeddable":true,"href":"https:\/\/casatraca.com\/pt-pt\/wp-json\/wp\/v2\/media\/4667"}],"wp:attachment":[{"href":"https:\/\/casatraca.com\/pt-pt\/wp-json\/wp\/v2\/media?parent=5311"}],"curies":[{"name":"wp","href":"https:\/\/api.w.org\/{rel}","templated":true}]}}