{"id":4992,"date":"2020-10-23T23:01:13","date_gmt":"2020-10-23T21:01:13","guid":{"rendered":"https:\/\/casatraca.com\/blogs\/"},"modified":"2020-12-29T22:29:27","modified_gmt":"2020-12-29T21:29:27","slug":"blogs","status":"publish","type":"page","link":"https:\/\/casatraca.com\/pt-pt\/blogs\/","title":{"rendered":"Blogs"},"content":{"rendered":"<div class=\"fusion-fullwidth fullwidth-box fusion-builder-row-1 fusion-flex-container nonhundred-percent-fullwidth non-hundred-percent-height-scrolling\" style=\"--awb-border-radius-top-left:0px;--awb-border-radius-top-right:0px;--awb-border-radius-bottom-right:0px;--awb-border-radius-bottom-left:0px;--awb-flex-wrap:wrap;\" ><div class=\"fusion-builder-row fusion-row fusion-flex-align-items-flex-start fusion-flex-content-wrap\" style=\"max-width:1248px;margin-left: calc(-4% \/ 2 );margin-right: calc(-4% \/ 2 );\"><div class=\"fusion-layout-column fusion_builder_column fusion-builder-column-0 fusion_builder_column_1_1 1_1 fusion-flex-column\" style=\"--awb-bg-size:cover;--awb-width-large:100%;--awb-margin-top-large:0px;--awb-spacing-right-large:1.92%;--awb-margin-bottom-large:0px;--awb-spacing-left-large:1.92%;--awb-width-medium:100%;--awb-spacing-right-medium:1.92%;--awb-spacing-left-medium:1.92%;--awb-width-small:100%;--awb-spacing-right-small:1.92%;--awb-spacing-left-small:1.92%;\"><div class=\"fusion-column-wrapper fusion-flex-justify-content-flex-start fusion-content-layout-column\"><div class=\"fusion-text fusion-text-1\"><p>Aqui voc\u00ea pode encontrar todos os blogs de Bed and Breakfast Casa Traca, Arganil juntos. Na barra lateral pode navegar at\u00e9 ao assunto \u00e0 sua escolha. Tamb\u00e9m pode clicar numa das imagens abaixo.<\/p>\n<p>Fique de olho nesta p\u00e1gina porque regularmente complementamos isso com informa\u00e7\u00f5es do nosso meio envolvente: Portugal Central.<\/p>\n<div class=\"wp-block-columns is-layout-flex wp-container-core-columns-is-layout-9d6595d7 wp-block-columns-is-layout-flex\">\n<div class=\"wp-block-column is-layout-flow wp-block-column-is-layout-flow\">\n<figure class=\"wp-block-image size-medium\"><a href=\"https:\/\/casatraca.com\/category\/bezienswaardigheden-casa-traca\/\" target=\"_blank\" rel=\"noopener noreferrer\"><img decoding=\"async\" width=\"300\" height=\"225\" class=\"wp-image-4313\" src=\"https:\/\/casatraca.com\/wp-content\/uploads\/2020\/05\/Senhora-da-Ribeira-Casa-Traca-rio-do-mondego-capela-ruina-300x225.jpg\" alt=\"Senhora da Ribeira capela Rio do Mondego central em Portugal nos nossos blogs\" title=\"\" srcset=\"https:\/\/casatraca.com\/wp-content\/uploads\/2020\/05\/Senhora-da-Ribeira-Casa-Traca-rio-do-mondego-capela-ruina-300x225.jpg 300w, https:\/\/casatraca.com\/wp-content\/uploads\/2020\/05\/Senhora-da-Ribeira-Casa-Traca-rio-do-mondego-capela-ruina.jpg 653w\" sizes=\"(max-width: 300px) 100vw, 300px\"><\/a><figcaption><a href=\"https:\/\/casatraca.com\/category\/bezienswaardigheden-casa-traca\/\" target=\"_blank\" rel=\"noreferrer noopener\"><strong>Pontos tur\u00edsticos<\/strong><\/a><\/figcaption><\/figure>\n<\/div>\n<div class=\"wp-block-column is-layout-flow wp-block-column-is-layout-flow\">\n<figure class=\"wp-block-image size-medium\"><a href=\"https:\/\/casatraca.com\/pt-pt\/category\/algemeen-pt-pt\/\" target=\"_blank\" rel=\"noopener noreferrer\"><img decoding=\"async\" width=\"300\" height=\"225\" class=\"wp-image-4375\" src=\"https:\/\/casatraca.com\/wp-content\/uploads\/2020\/06\/restaurant-principe-do-alva-coja-15-300x225.jpg\" alt=\"ambiente restaurante Casa Traca Arganil Central Portugal\" title=\"\" srcset=\"https:\/\/casatraca.com\/wp-content\/uploads\/2020\/06\/restaurant-principe-do-alva-coja-15-300x225.jpg 300w, https:\/\/casatraca.com\/wp-content\/uploads\/2020\/06\/restaurant-principe-do-alva-coja-15-768x576.jpg 768w, https:\/\/casatraca.com\/wp-content\/uploads\/2020\/06\/restaurant-principe-do-alva-coja-15.jpg 912w\" sizes=\"(max-width: 300px) 100vw, 300px\"><\/a><figcaption><strong><a href=\"https:\/\/casatraca.com\/pt-pt\/category\/algemeen-pt-pt\/\" target=\"_blank\" rel=\"noreferrer noopener\">Geral e dicas<\/a><\/strong><\/figcaption><\/figure>\n<\/div>\n<\/div>\n<p>&nbsp;<\/p>\n<div class=\"wp-block-columns is-layout-flex wp-container-core-columns-is-layout-9d6595d7 wp-block-columns-is-layout-flex\">\n<div class=\"wp-block-column is-layout-flow wp-block-column-is-layout-flow\">\n<figure class=\"wp-block-image size-medium\"><a href=\"https:\/\/casatraca.com\/category\/aanbiedingen-casa-traca\/\" target=\"_blank\" rel=\"noopener noreferrer\"><img decoding=\"async\" width=\"300\" height=\"200\" class=\"wp-image-4994\" src=\"https:\/\/casatraca.com\/wp-content\/uploads\/2020\/04\/Voucher-kado-voor-jou-voorkant-300x200.jpg\" alt=\"Voucher para dar leitura sobre isso nos nossos blogs\" title=\"\" srcset=\"https:\/\/casatraca.com\/wp-content\/uploads\/2020\/04\/Voucher-kado-voor-jou-voorkant-270x180.jpg 270w, https:\/\/casatraca.com\/wp-content\/uploads\/2020\/04\/Voucher-kado-voor-jou-voorkant-300x200.jpg 300w, https:\/\/casatraca.com\/wp-content\/uploads\/2020\/04\/Voucher-kado-voor-jou-voorkant-768x512.jpg 768w, https:\/\/casatraca.com\/wp-content\/uploads\/2020\/04\/Voucher-kado-voor-jou-voorkant-1024x683.jpg 1024w, https:\/\/casatraca.com\/wp-content\/uploads\/2020\/04\/Voucher-kado-voor-jou-voorkant-1536x1024.jpg 1536w, https:\/\/casatraca.com\/wp-content\/uploads\/2020\/04\/Voucher-kado-voor-jou-voorkant.jpg 1800w\" sizes=\"(max-width: 300px) 100vw, 300px\"><\/a><figcaption><strong><a href=\"https:\/\/casatraca.com\/category\/aanbiedingen-casa-traca\/\" target=\"_blank\" rel=\"noreferrer noopener\">Rio Aabiedingen<\/a><\/strong><\/figcaption><\/figure>\n<\/div>\n<div class=\"wp-block-column is-layout-flow wp-block-column-is-layout-flow\">\n<figure class=\"wp-block-image size-medium\"><a href=\"https:\/\/casatraca.com\/category\/activiteiten-arrangementen-rondreizen\/\" target=\"_blank\" rel=\"noopener noreferrer\"><img decoding=\"async\" width=\"300\" height=\"225\" class=\"wp-image-4997\" src=\"https:\/\/casatraca.com\/wp-content\/uploads\/2020\/01\/AventurasFortes2019_08_06-27_2-300x225.jpg\" alt=\"tamb\u00e9m aventuras fortes\" title=\"\" srcset=\"https:\/\/casatraca.com\/wp-content\/uploads\/2020\/01\/AventurasFortes2019_08_06-27_2-300x225.jpg 300w, https:\/\/casatraca.com\/wp-content\/uploads\/2020\/01\/AventurasFortes2019_08_06-27_2.jpg 576w\" sizes=\"(max-width: 300px) 100vw, 300px\"><\/a><figcaption><strong><a href=\"https:\/\/casatraca.com\/category\/activiteiten-arrangementen-rondreizen\/\" target=\"_blank\" rel=\"noreferrer noopener\">Atividades e arranjos e mais<\/a><\/strong><\/figcaption><\/figure>\n<\/div>\n<\/div>\n<p>&nbsp;<\/p>\n<div class=\"wp-block-image\">\n<figure class=\"aligncenter size-full\"><a href=\"https:\/\/casatraca.com\/pt-pt\/category\/blog-bnb-casa-traca-nl-pt-pt\/\" target=\"_blank\" rel=\"noopener noreferrer\"><img decoding=\"async\" class=\"alignnone wp-image-5000\" src=\"https:\/\/casatraca.com\/wp-content\/uploads\/2019\/07\/Mozaiek-Casa-Traca-3.jpg\" alt=\"mosaicos na Casa Traca Central Portugal em blogs\" width=\"640\" height=\"480\" title=\"\" srcset=\"https:\/\/casatraca.com\/wp-content\/uploads\/2019\/07\/Mozaiek-Casa-Traca-3-300x225.jpg 300w, https:\/\/casatraca.com\/wp-content\/uploads\/2019\/07\/Mozaiek-Casa-Traca-3.jpg 640w\" sizes=\"(max-width: 640px) 100vw, 640px\"><\/a><figcaption><strong><a href=\"https:\/\/casatraca.com\/pt-pt\/category\/blog-bnb-casa-traca-nl-pt-pt\/\" target=\"_blank\" rel=\"noreferrer noopener\">Ou leia todos os nossos blogs aqui por ordem cronol\u00f3gica<\/a><\/strong><\/figcaption><\/figure>\n<\/div>\n<p>&nbsp;<\/p>\n<div class=\"wp-block-columns is-layout-flex wp-container-core-columns-is-layout-9d6595d7 wp-block-columns-is-layout-flex\">\n<div class=\"wp-block-column is-vertically-aligned-center is-layout-flow wp-block-column-is-layout-flow\" style=\"flex-basis: 66.66%;\">\n<div class=\"wp-block-image\">\n<figure class=\"alignleft size-medium\"><img decoding=\"async\" width=\"300\" height=\"193\" class=\"wp-image-4260\" src=\"https:\/\/casatraca.com\/wp-content\/uploads\/2020\/05\/Genieten-in-de-hottub-bij-BB-in-Centraal-Portugal-1-e1588503732496-300x193.jpg\" alt=\"blogs B&amp;amp;B no Centro de Portugal Relaxe e desfrute do bem-estar e relaxamento da banheira de hidromassagem no Centro de Portugal Bed and Breakfast\" title=\"\" srcset=\"https:\/\/casatraca.com\/wp-content\/uploads\/2020\/05\/Genieten-in-de-hottub-bij-BB-in-Centraal-Portugal-1-e1588503732496-300x193.jpg 300w, https:\/\/casatraca.com\/wp-content\/uploads\/2020\/05\/Genieten-in-de-hottub-bij-BB-in-Centraal-Portugal-1-e1588503732496-768x493.jpg 768w, https:\/\/casatraca.com\/wp-content\/uploads\/2020\/05\/Genieten-in-de-hottub-bij-BB-in-Centraal-Portugal-1-e1588503732496-1024x658.jpg 1024w, https:\/\/casatraca.com\/wp-content\/uploads\/2020\/05\/Genieten-in-de-hottub-bij-BB-in-Centraal-Portugal-1-e1588503732496-1536x986.jpg 1536w, https:\/\/casatraca.com\/wp-content\/uploads\/2020\/05\/Genieten-in-de-hottub-bij-BB-in-Centraal-Portugal-1-e1588503732496.jpg 1632w\" sizes=\"(max-width: 300px) 100vw, 300px\"><\/figure>\n<\/div>\n<p>&nbsp;<\/p>\n<\/div>\n<div class=\"wp-block-column is-layout-flow wp-block-column-is-layout-flow\" style=\"flex-basis: 33.33%;\">\n<p class=\"has-text-align-left\">Viu algo bonito connosco que tamb\u00e9m gostaria de ter? Como a nossa banheira ou os cobertores de croch\u00e9 e bandeiras? V\u00e1 a <a href=\"https:\/\/casatraca.nl\/producten-uit-portugal\/\" target=\"_blank\" rel=\"noreferrer noopener\">produtos de Portugal <\/a>para mais informa\u00e7\u00f5es<\/p>\n<\/div>\n<\/div>\n<\/div><\/div><\/div><\/div><\/div>","protected":false},"excerpt":{"rendered":"","protected":false},"author":2,"featured_media":2756,"parent":0,"menu_order":0,"comment_status":"closed","ping_status":"closed","template":"","meta":{"footnotes":""},"class_list":["post-4992","page","type-page","status-publish","has-post-thumbnail","hentry"],"_links":{"self":[{"href":"https:\/\/casatraca.com\/pt-pt\/wp-json\/wp\/v2\/pages\/4992","targetHints":{"allow":["GET"]}}],"collection":[{"href":"https:\/\/casatraca.com\/pt-pt\/wp-json\/wp\/v2\/pages"}],"about":[{"href":"https:\/\/casatraca.com\/pt-pt\/wp-json\/wp\/v2\/types\/page"}],"author":[{"embeddable":true,"href":"https:\/\/casatraca.com\/pt-pt\/wp-json\/wp\/v2\/users\/2"}],"replies":[{"embeddable":true,"href":"https:\/\/casatraca.com\/pt-pt\/wp-json\/wp\/v2\/comments?post=4992"}],"version-history":[{"count":0,"href":"https:\/\/casatraca.com\/pt-pt\/wp-json\/wp\/v2\/pages\/4992\/revisions"}],"wp:featuredmedia":[{"embeddable":true,"href":"https:\/\/casatraca.com\/pt-pt\/wp-json\/wp\/v2\/media\/2756"}],"wp:attachment":[{"href":"https:\/\/casatraca.com\/pt-pt\/wp-json\/wp\/v2\/media?parent=4992"}],"curies":[{"name":"wp","href":"https:\/\/api.w.org\/{rel}","templated":true}]}}