{"id":2619,"date":"2019-02-26T23:18:56","date_gmt":"2019-02-26T21:18:56","guid":{"rendered":"https:\/\/casatraca.com\/?page_id=2619"},"modified":"2023-09-07T14:41:12","modified_gmt":"2023-09-07T12:41:12","slug":"mais-informacao","status":"publish","type":"page","link":"https:\/\/casatraca.com\/pt-pt\/mais-informacao\/","title":{"rendered":"Mais informa\u00e7\u00e3o"},"content":{"rendered":"<p><div class=\"fusion-fullwidth fullwidth-box fusion-builder-row-1 fusion-flex-container nonhundred-percent-fullwidth non-hundred-percent-height-scrolling\" style=\"--awb-border-radius-top-left:0px;--awb-border-radius-top-right:0px;--awb-border-radius-bottom-right:0px;--awb-border-radius-bottom-left:0px;--awb-flex-wrap:wrap;\" ><div class=\"fusion-builder-row fusion-row fusion-flex-align-items-flex-start fusion-flex-content-wrap\" style=\"max-width:1248px;margin-left: calc(-4% \/ 2 );margin-right: calc(-4% \/ 2 );\"><div class=\"fusion-layout-column fusion_builder_column fusion-builder-column-0 fusion_builder_column_1_1 1_1 fusion-flex-column\" style=\"--awb-bg-size:cover;--awb-width-large:100%;--awb-margin-top-large:0px;--awb-spacing-right-large:1.92%;--awb-margin-bottom-large:20px;--awb-spacing-left-large:1.92%;--awb-width-medium:100%;--awb-order-medium:0;--awb-spacing-right-medium:1.92%;--awb-spacing-left-medium:1.92%;--awb-width-small:100%;--awb-order-small:0;--awb-spacing-right-small:1.92%;--awb-spacing-left-small:1.92%;\"><div class=\"fusion-column-wrapper fusion-column-has-shadow fusion-flex-justify-content-flex-start fusion-content-layout-column\"><div class=\"fusion-title title fusion-title-1 fusion-sep-none fusion-title-center fusion-title-text fusion-title-size-two\" style=\"--awb-margin-top-small:10px;--awb-margin-right-small:0px;--awb-margin-bottom-small:10px;--awb-margin-left-small:0px;\"><h2 class=\"fusion-title-heading title-heading-center\" style=\"margin:0;\">Mais informa\u00e7\u00e3o<\/h2><\/div><\/div><\/div><\/div><\/div><div class=\"fusion-fullwidth fullwidth-box fusion-builder-row-2 fusion-flex-container nonhundred-percent-fullwidth non-hundred-percent-height-scrolling\" style=\"--awb-border-radius-top-left:0px;--awb-border-radius-top-right:0px;--awb-border-radius-bottom-right:0px;--awb-border-radius-bottom-left:0px;--awb-flex-wrap:wrap;\" ><div class=\"fusion-builder-row fusion-row fusion-flex-align-items-flex-start fusion-flex-content-wrap\" style=\"max-width:1248px;margin-left: calc(-4% \/ 2 );margin-right: calc(-4% \/ 2 );\"><div class=\"fusion-layout-column fusion_builder_column fusion-builder-column-1 fusion_builder_column_1_1 1_1 fusion-flex-column\" style=\"--awb-bg-size:cover;--awb-width-large:100%;--awb-margin-top-large:0px;--awb-spacing-right-large:1.92%;--awb-margin-bottom-large:0px;--awb-spacing-left-large:1.92%;--awb-width-medium:100%;--awb-spacing-right-medium:1.92%;--awb-spacing-left-medium:1.92%;--awb-width-small:100%;--awb-spacing-right-small:1.92%;--awb-spacing-left-small:1.92%;\"><div class=\"fusion-column-wrapper fusion-flex-justify-content-flex-start fusion-content-layout-column\"><div class=\"fusion-text fusion-text-1\"><p>Voc\u00ea tem alguma d\u00favida antes de reservar? Ent\u00e3o n\u00e3o hesite em nos contactar. Preferimos um email ou mensagem de texto. Mais informa\u00e7\u00e3o:<\/p>\n<p>Falamos fluentemente holand\u00eas e ingl\u00eas. Ainda estamos tendo problemas com o portugu\u00eas. Ent\u00e3o envie-nos um email ou mensagem de texto.<\/p>\n<h2><b><span style=\"font-size: x-large;\">Encontre-nos aqui<\/span><\/b><\/h2>\n<p><strong> <span style=\"color: # 000080;\"> Para informa\u00e7\u00f5es ou reservas, entre em contato conosco: <\/span> <\/strong><\/p>\n<p><strong> <span style=\"font-size: 14.0pt; font-family: 'Georgia', 'serif'; color: # 333333;\"> Casa Traca, alojamento local\u00a0\u00a0<\/span> <\/strong> <span style=\"font-family: 'Georgia', 'serif'; color: # 333333;\"><br \/>\n<strong> Sitio Rossio Habt <\/strong><br \/>\n<\/span> <strong> <span style=\"font-family: 'Georgia', 'serif'; color: # 333333;\"> Valbona,<br \/>\n<\/span> <span style=\"font-family: 'Georgia', 'serif'; color: # 333333;\"> 3300-124 Arganil<br \/>\nPortugal <\/span> <\/strong><\/p>\n<p><strong>info@casatraca.com\u00a0 | +351 967 479 752 (mov\u00e9l) tamb\u00e9m dispon\u00edvel via <a href=\"https:\/\/wa.me\/351967479752\" target=\"_blank\" rel=\"noopener noreferrer\"> whatsapp<\/a><\/strong><\/p>\n<p><em>Aten\u00e7\u00e3o: os custos de chamada para a rede m\u00f3vel nacional s\u00e3o cobrados pelo seu pr\u00f3prio operador<\/em><\/p>\n<p><span style=\"font-family: 'Georgia', 'serif'; color: # 333333;\"> Entre em contato conosco em: ou <\/span> <span style=\"font-family: 'Georgia', ' serif '; color: # 333333;\"> <a href=\"mailto:casatraca@hotmail.com\" target=\"_blank\" rel=\"noopener noreferrer\"> e-mail <\/a> ou via sms <a href=\"sms:+351967479752\" target=\" _ blank \" rel=\"noopener noreferrer\"> clique aqui para sms <\/a> <\/span><\/p>\n<\/div><script type=\"text\/javascript\">\n\/* <![CDATA[ *\/\nvar gform;gform||(document.addEventListener(\"gform_main_scripts_loaded\",function(){gform.scriptsLoaded=!0}),document.addEventListener(\"gform\/theme\/scripts_loaded\",function(){gform.themeScriptsLoaded=!0}),window.addEventListener(\"DOMContentLoaded\",function(){gform.domLoaded=!0}),gform={domLoaded:!1,scriptsLoaded:!1,themeScriptsLoaded:!1,isFormEditor:()=>\"function\"==typeof InitializeEditor,callIfLoaded:function(o){return!(!gform.domLoaded||!gform.scriptsLoaded||!gform.themeScriptsLoaded&&!gform.isFormEditor()||(gform.isFormEditor()&&console.warn(\"The use of gform.initializeOnLoaded() is deprecated in the form editor context and will be removed in Gravity Forms 3.1.\"),o(),0))},initializeOnLoaded:function(o){gform.callIfLoaded(o)||(document.addEventListener(\"gform_main_scripts_loaded\",()=>{gform.scriptsLoaded=!0,gform.callIfLoaded(o)}),document.addEventListener(\"gform\/theme\/scripts_loaded\",()=>{gform.themeScriptsLoaded=!0,gform.callIfLoaded(o)}),window.addEventListener(\"DOMContentLoaded\",()=>{gform.domLoaded=!0,gform.callIfLoaded(o)}))},hooks:{action:{},filter:{}},addAction:function(o,r,e,t){gform.addHook(\"action\",o,r,e,t)},addFilter:function(o,r,e,t){gform.addHook(\"filter\",o,r,e,t)},doAction:function(o){gform.doHook(\"action\",o,arguments)},applyFilters:function(o){return gform.doHook(\"filter\",o,arguments)},removeAction:function(o,r){gform.removeHook(\"action\",o,r)},removeFilter:function(o,r,e){gform.removeHook(\"filter\",o,r,e)},addHook:function(o,r,e,t,n){null==gform.hooks[o][r]&&(gform.hooks[o][r]=[]);var d=gform.hooks[o][r];null==n&&(n=r+\"_\"+d.length),gform.hooks[o][r].push({tag:n,callable:e,priority:t=null==t?10:t})},doHook:function(r,o,e){var t;if(e=Array.prototype.slice.call(e,1),null!=gform.hooks[r][o]&&((o=gform.hooks[r][o]).sort(function(o,r){return o.priority-r.priority}),o.forEach(function(o){\"function\"!=typeof(t=o.callable)&&(t=window[t]),\"action\"==r?t.apply(null,e):e[0]=t.apply(null,e)})),\"filter\"==r)return e[0]},removeHook:function(o,r,t,n){var e;null!=gform.hooks[o][r]&&(e=(e=gform.hooks[o][r]).filter(function(o,r,e){return!!(null!=n&&n!=o.tag||null!=t&&t!=o.priority)}),gform.hooks[o][r]=e)}});\n\/* ]]> *\/\n<\/script>\n\n                <div class='gf_browser_gecko gform_wrapper gravity-theme gform-theme--no-framework' data-form-theme='gravity-theme' data-form-index='0' id='gform_wrapper_3' >\n                        <div class='gform_heading'>\n\t\t\t\t\t\t\t<p class='gform_required_legend'>&quot;<span class=\"gfield_required gfield_required_asterisk\">*<\/span>&quot; indica campos obrigat\u00f3rios<\/p>\n                        <\/div><form method='post' enctype='multipart\/form-data'  id='gform_3'  action='\/pt-pt\/wp-json\/wp\/v2\/pages\/2619' data-formid='3' novalidate>\n                        <div class='gform-body gform_body'><div id='gform_fields_3' class='gform_fields top_label form_sublabel_below description_below validation_below'><div id=\"field_3_6\" class=\"gfield gfield--type-honeypot gform_validation_container field_sublabel_below gfield--has-description field_description_below field_validation_below gfield_visibility_visible\"  ><label class='gfield_label gform-field-label' for='input_3_6'>Email<\/label><div class='ginput_container'><input name='input_6' id='input_3_6' type='text' value='' autocomplete='new-password'\/><\/div><div class='gfield_description' id='gfield_description_3_6'>Este campo \u00e9 para efeitos de valida\u00e7\u00e3o e deve ser mantido inalterado.<\/div><\/div><fieldset id=\"field_3_1\" class=\"gfield gfield--type-name gfield_contains_required field_sublabel_below gfield--no-description field_description_below field_validation_below gfield_visibility_visible\"  ><legend class='gfield_label gform-field-label gfield_label_before_complex' >Nome<span class=\"gfield_required\"><span class=\"gfield_required gfield_required_asterisk\">*<\/span><\/span><\/legend><div class='ginput_complex ginput_container ginput_container--name no_prefix has_first_name no_middle_name has_last_name no_suffix gf_name_has_2 ginput_container_name gform-grid-row' id='input_3_1'>\n                            \n                            <span id='input_3_1_3_container' class='name_first gform-grid-col gform-grid-col--size-auto' >\n                                                    <input type='text' name='input_1.3' id='input_3_1_3' value=''   aria-required='true'     \/>\n                                                    <label for='input_3_1_3' class='gform-field-label gform-field-label--type-sub '>Primeiro nome<\/label>\n                                                <\/span>\n                            \n                            <span id='input_3_1_6_container' class='name_last gform-grid-col gform-grid-col--size-auto' >\n                                                    <input type='text' name='input_1.6' id='input_3_1_6' value=''   aria-required='true'     \/>\n                                                    <label for='input_3_1_6' class='gform-field-label gform-field-label--type-sub '>Sobrenome<\/label>\n                                                <\/span>\n                            \n                        <\/div><\/fieldset><fieldset id=\"field_3_2\" class=\"gfield gfield--type-email gfield_contains_required field_sublabel_below gfield--no-description field_description_below field_validation_below gfield_visibility_visible\"  ><legend class='gfield_label gform-field-label gfield_label_before_complex' >Email<span class=\"gfield_required\"><span class=\"gfield_required gfield_required_asterisk\">*<\/span><\/span><\/legend><div class='ginput_complex ginput_container ginput_container_email gform-grid-row' id='input_3_2_container'>\n                                <span id='input_3_2_1_container' class='ginput_left gform-grid-col gform-grid-col--size-auto'>\n                                    <input class='' type='email' name='input_2' id='input_3_2' value=''    aria-required=\"true\" aria-invalid=\"false\"  \/>\n                                    <label for='input_3_2' class='gform-field-label gform-field-label--type-sub '>Email<\/label>\n                                <\/span>\n                                <span id='input_3_2_2_container' class='ginput_right gform-grid-col gform-grid-col--size-auto'>\n                                    <input class='' type='email' name='input_2_2' id='input_3_2_2' value=''    aria-required=\"true\" aria-invalid=\"false\"  \/>\n                                    <label for='input_3_2_2' class='gform-field-label gform-field-label--type-sub '>Confirmar Email<\/label>\n                                <\/span>\n                                <div class='gf_clear gf_clear_complex'><\/div>\n                            <\/div><\/fieldset><div id=\"field_3_3\" class=\"gfield gfield--type-date gfield--input-type-datepicker gfield--datepicker-default-icon field_sublabel_below gfield--no-description field_description_below field_validation_below gfield_visibility_visible\"  ><label class='gfield_label gform-field-label' for='input_3_3'>Data de nascimento<\/label><div class='ginput_container ginput_container_date'>\n                            <input name='input_3' id='input_3_3' type='text' value='' class='datepicker gform-datepicker dmy datepicker_with_icon gdatepicker_with_icon'   placeholder='dd\/mm\/aaaa' aria-describedby=\"input_3_3_date_format\" aria-invalid=\"false\" \/>\n                            <span id='input_3_3_date_format' class='screen-reader-text'>DD barra MM barra AAAA<\/span>\n                        <\/div>\n                        <input type='hidden' id='gforms_calendar_icon_input_3_3' class='gform_hidden' value='https:\/\/casatraca.com\/wp-content\/plugins\/gravityforms\/images\/datepicker\/datepicker.svg'\/><\/div><div id=\"field_3_4\" class=\"gfield gfield--type-textarea field_sublabel_below gfield--no-description field_description_below field_validation_below gfield_visibility_visible\"  ><label class='gfield_label gform-field-label' for='input_3_4'>Coloque-nos a sua quest\u00e3o<\/label><div class='ginput_container ginput_container_textarea'><textarea name='input_4' id='input_3_4' class='textarea large'      aria-invalid=\"false\"   rows='10' cols='50'><\/textarea><\/div><\/div><fieldset id=\"field_3_5\" class=\"gfield gfield--type-consent gfield--type-choice gfield--input-type-consent gfield_contains_required field_sublabel_below gfield--has-description field_description_below field_validation_below gfield_visibility_visible\"  ><legend class='gfield_label gform-field-label gfield_label_before_complex' >Acordo<span class=\"gfield_required\"><span class=\"gfield_required gfield_required_asterisk\">*<\/span><\/span><\/legend><div class='ginput_container ginput_container_consent'><input name='input_5.1' id='input_3_5_1' type='checkbox' value='1'  aria-describedby=\"gfield_consent_description_3_5\" aria-required=\"true\" aria-invalid=\"false\"   \/> <label class=\"gform-field-label gform-field-label--type-inline gfield_consent_label\" for='input_3_5_1' >Voc\u00ea declara que leu a pol\u00edtica de privacidade<\/label><input type='hidden' name='input_5.2' value='Voc\u00ea declara que leu a pol\u00edtica de privacidade' class='gform_hidden' \/><input type='hidden' name='input_5.3' value='7' class='gform_hidden' \/><\/div><div class='gfield_description gfield_consent_description' id='gfield_consent_description_3_5' tabindex='0'>Li e concordo com a <a href=\"https:\/\/casatraca.com\/pt-pt\/politica-de-privacidade-bb-casa-traca\/\">Pol\u00edtica de privacidade<\/a>.<\/div><\/fieldset><\/div><\/div>\n        <div class='gform-footer gform_footer top_label'> <input type='submit' id='gform_submit_button_3' class='gform_button button' onclick='gform.submission.handleButtonClick(this);' data-submission-type='submit' value='Enviar'  \/> \n            <input type='hidden' class='gform_hidden' name='gform_submission_method' data-js='gform_submission_method_3' value='postback' \/>\n            <input type='hidden' class='gform_hidden' name='gform_theme' data-js='gform_theme_3' id='gform_theme_3' value='gravity-theme' \/>\n            <input type='hidden' class='gform_hidden' name='gform_style_settings' data-js='gform_style_settings_3' id='gform_style_settings_3' value='[]' \/>\n            <input type='hidden' class='gform_hidden' name='is_submit_3' value='1' \/>\n            <input type='hidden' class='gform_hidden' name='gform_submit' value='3' \/>\n            \n            <input type='hidden' class='gform_hidden' name='gform_currency' data-currency='EUR' value='neZK+wR1XAcg5knyCnb12uKraRbPBuJhAN5sn0OVIQgyDbbkDMFTOH2tLdlfsvfQMnXUAQunX6OYN43bWn9UbzTsdIRC00qp2H44h0k2AkGmQzg=' \/>\n            <input type='hidden' class='gform_hidden' name='gform_unique_id' value='' \/>\n            <input type='hidden' class='gform_hidden' name='state_3' value='WyJ7XCI1LjFcIjpcIjZmMTQ1ZGZlMjlhNGJmYTk3YjIzNTk2Zjg2OTRiOTA3XCIsXCI1LjJcIjpcImYyYmI3Yzk3Nzc0N2ViMjVlY2YzNTFiYWYxNTRlZDM1XCIsXCI1LjNcIjpcIjVlYWFhNTRkMWE0NzYyZmRmYWYxMmI5NDRiYTRjMzhhXCJ9IiwiZDY2M2U0OGExNTk0ZmM2YTdmMzRkZGRiZjhhNDgxMjEiXQ==' \/>\n            <input type='hidden' autocomplete='off' class='gform_hidden' name='gform_target_page_number_3' id='gform_target_page_number_3' value='0' \/>\n            <input type='hidden' autocomplete='off' class='gform_hidden' name='gform_source_page_number_3' id='gform_source_page_number_3' value='1' \/>\n            <input type='hidden' name='gform_field_values' value='' \/>\n            \n        <\/div>\n                        <input\n                    class=\"apbct_special_field apbct_email_id__gravity_form\"\n                    name=\"apbct__email_id__gravity_form\"\n                    aria-label=\"apbct__label_id__gravity_form\"\n                    type=\"text\" size=\"30\" maxlength=\"200\" autocomplete=\"off\"\n                    value=\"\"\n                \/><\/form>\n                        <\/div><script type=\"text\/javascript\">\n\/* <![CDATA[ *\/\n gform.initializeOnLoaded( function() {gformInitSpinner( 3, 'https:\/\/casatraca.com\/wp-content\/plugins\/gravityforms\/images\/spinner.svg', true );jQuery('#gform_ajax_frame_3').on('load',function(){var contents = jQuery(this).contents().find('*').html();var is_postback = contents.indexOf('GF_AJAX_POSTBACK') >= 0;if(!is_postback){return;}var form_content = jQuery(this).contents().find('#gform_wrapper_3');var is_confirmation = jQuery(this).contents().find('#gform_confirmation_wrapper_3').length > 0;var is_redirect = contents.indexOf('gformRedirect(){') >= 0;var is_form = form_content.length > 0 && ! is_redirect && ! is_confirmation;var mt = parseInt(jQuery('html').css('margin-top'), 10) + parseInt(jQuery('body').css('margin-top'), 10) + 100;if(is_form){jQuery('#gform_wrapper_3').html(form_content.html());if(form_content.hasClass('gform_validation_error')){jQuery('#gform_wrapper_3').addClass('gform_validation_error');} else {jQuery('#gform_wrapper_3').removeClass('gform_validation_error');}setTimeout( function() { \/* delay the scroll by 50 milliseconds to fix a bug in chrome *\/  }, 50 );if(window['gformInitDatepicker']) {gformInitDatepicker();}if(window['gformInitPriceFields']) {gformInitPriceFields();}var current_page = jQuery('#gform_source_page_number_3').val();gformInitSpinner( 3, 'https:\/\/casatraca.com\/wp-content\/plugins\/gravityforms\/images\/spinner.svg', true );jQuery(document).trigger('gform_page_loaded', [3, current_page]);window['gf_submitting_3'] = false;}else if(!is_redirect){var confirmation_content = jQuery(this).contents().find('.GF_AJAX_POSTBACK').html();if(!confirmation_content){confirmation_content = contents;}jQuery('#gform_wrapper_3').replaceWith(confirmation_content);jQuery(document).trigger('gform_confirmation_loaded', [3]);window['gf_submitting_3'] = false;wp.a11y.speak(jQuery('#gform_confirmation_message_3').text());}else{jQuery('#gform_3').append(contents);if(window['gformRedirect']) {gformRedirect();}}jQuery(document).trigger(\"gform_pre_post_render\", [{ formId: \"3\", currentPage: \"current_page\", abort: function() { this.preventDefault(); } }]);        if (event && event.defaultPrevented) {                return;        }        const gformWrapperDiv = document.getElementById( \"gform_wrapper_3\" );        if ( gformWrapperDiv ) {            const visibilitySpan = document.createElement( \"span\" );            visibilitySpan.id = \"gform_visibility_test_3\";            gformWrapperDiv.insertAdjacentElement( \"afterend\", visibilitySpan );        }        const visibilityTestDiv = document.getElementById( \"gform_visibility_test_3\" );        let postRenderFired = false;        function triggerPostRender() {            if ( postRenderFired ) {                return;            }            postRenderFired = true;            gform.core.triggerPostRenderEvents( 3, current_page );            if ( visibilityTestDiv ) {                visibilityTestDiv.parentNode.removeChild( visibilityTestDiv );            }        }        function debounce( func, wait, immediate ) {            var timeout;            return function() {                var context = this, args = arguments;                var later = function() {                    timeout = null;                    if ( !immediate ) func.apply( context, args );                };                var callNow = immediate && !timeout;                clearTimeout( timeout );                timeout = setTimeout( later, wait );                if ( callNow ) func.apply( context, args );            };        }        const debouncedTriggerPostRender = debounce( function() {            triggerPostRender();        }, 200 );        if ( visibilityTestDiv && visibilityTestDiv.offsetParent === null ) {            const observer = new MutationObserver( ( mutations ) => {                mutations.forEach( ( mutation ) => {                    if ( mutation.type === 'attributes' && visibilityTestDiv.offsetParent !== null ) {                        debouncedTriggerPostRender();                        observer.disconnect();                    }                });            });            observer.observe( document.body, {                attributes: true,                childList: false,                subtree: true,                attributeFilter: [ 'style', 'class' ],            });        } else {            triggerPostRender();        }    } );} ); \n\/* ]]> *\/\n<\/script>\n<div style=\"text-align:center;\"><a class=\"fusion-button button-flat button-large button-blue fusion-button-blue button-1 fusion-button-default-span fusion-button-default-type\" style=\"--button_margin-top:25px;--button_margin-bottom:20px;\" target=\"_blank\" rel=\"noopener noreferrer\" href=\"https:\/\/casatraca.com\/pt-pt\/portugues-sobre-nos-portugal\/\"><i class=\"fa-calendar-check fas awb-button__icon awb-button__icon--default button-icon-left\" aria-hidden=\"true\"><\/i><span class=\"fusion-button-text awb-button__text awb-button__text--default\">Ou reserve diretamente aqui<\/span><\/a><\/div><div class=\"fusion-text fusion-text-2\"><p><strong> Indica\u00e7\u00f5es para Bed and Breakfast Casa Traca <\/strong><\/p>\n<p>Direc\u00e7\u00f5es com <strong> o carro <\/strong> <a href=\"https:\/\/www.google.pt\/maps\/place\/Bed+and+Breakfasts+Casa+Traca\/@40.2184443,-8.0350331,15.02z\/data =! 4m21! 1m15! 4m14! 1m6! 1m2! 1s0x47c66f4339d32d37: 0xd6c8fc4c19af4ae9! 2sUtrecht, + Holanda! 2m2! 1d5.1214201! 2d52.0907374! 1m6! 1m2! Casa! Sitio + Rossio + Habt, + 3300-124 + Valbona, + Portugal! 2m2! 1d-8.023803! 2d40.217908! 3m4! 1s0xd22db14c71ac7f9: 0x2444f2f22b9905d1! 8m2! 3d40.217908! _D-8.023803 = alvo em branco = \" rel=\" noopener noreferrer \" target=\"_blank\"> clique aqui <\/a>. Coordenadas para sistema de navega\u00e7\u00e3o: N 40 \u00b0 2179552 &#8216;W 8 \u00b0 0243121&#8217;.<\/p>\n<p>Se vier com <strong> o avi\u00e3o <\/strong> vai voar para o Porto. Aqui pode alugar um carro e atrav\u00e9s de do Porto \u00e0 Casa Traca voc\u00ea dirige diretamente para n\u00f3s.<\/p>\n<p>Dirija de Arganil em dire\u00e7\u00e3o a Folques, passando a placa Ponta da Valbona, vire \u00e0 direita (aqui est\u00e1 o caf\u00e9 To Z\u00e9 \u00e0 sua esquerda) e imediatamente \u00e0 direita novamente, siga em frente por 500 metros e ver\u00e1 o B &amp; B Casa Traca \u00e0 sua esquerda.<\/p>\n<p>Como chegar <strong> de transporte p\u00fablico <\/strong>: do aeroporto, pegue o metr\u00f4\u00a0 para Porto-Campanha. Aqui voc\u00ea continua com o trem\u00a0 para Coimbra. A partir da\u00ed temos um servi\u00e7o de recolha mediante pagamento, se quiser utilizar, indique no momento da reserva.<\/p>\n<\/div><\/div><\/div><\/div><\/div><div class=\"fusion-fullwidth fullwidth-box fusion-builder-row-3 fusion-flex-container nonhundred-percent-fullwidth non-hundred-percent-height-scrolling\" style=\"--awb-border-radius-top-left:0px;--awb-border-radius-top-right:0px;--awb-border-radius-bottom-right:0px;--awb-border-radius-bottom-left:0px;--awb-flex-wrap:wrap;\" ><div class=\"fusion-builder-row fusion-row fusion-flex-align-items-flex-start fusion-flex-content-wrap\" style=\"max-width:1248px;margin-left: calc(-4% \/ 2 );margin-right: calc(-4% \/ 2 );\"><div class=\"fusion-layout-column fusion_builder_column fusion-builder-column-2 fusion_builder_column_1_1 1_1 fusion-flex-column\" style=\"--awb-bg-size:cover;--awb-width-large:100%;--awb-margin-top-large:0px;--awb-spacing-right-large:1.92%;--awb-margin-bottom-large:20px;--awb-spacing-left-large:1.92%;--awb-width-medium:100%;--awb-order-medium:0;--awb-spacing-right-medium:1.92%;--awb-spacing-left-medium:1.92%;--awb-width-small:100%;--awb-order-small:0;--awb-spacing-right-small:1.92%;--awb-spacing-left-small:1.92%;\"><div class=\"fusion-column-wrapper fusion-column-has-shadow fusion-flex-justify-content-flex-start fusion-content-layout-column\">\t\t\t\t\t<script type=\"text\/javascript\">\n\t\t\t\t\t\tvar map_fusion_map_69d54674e5008;\n\t\t\t\t\t\tvar markers = [];\n\t\t\t\t\t\tvar counter = 0;\n\t\t\t\t\t\t\t\t\t\t\t\t\t\t\t\t\t\t\t\tvar fusionMapNonce = 'b587f1c75d';\n\t\t\t\t\t\t\t\t\t\t\t\tfunction fusion_run_map_fusion_map_69d54674e5008() {\n\t\t\t\t\t\t\tjQuery ('#fusion_map_69d54674e5008' ).fusion_maps( {\n\t\t\t\t\t\t\t\taddresses: [{\"address\":\"40.2179380,-8.0238380\",\"infobox_content\":\"\",\"coordinates\":true,\"latitude\":\"40.2179380\",\"longitude\":\"-8.0238380\",\"cache\":true,\"geocoded_address\":\"40.2179380,-8.0238380\"}],\n\t\t\t\t\t\t\t\tanimations: false,\n\t\t\t\t\t\t\t\tinfobox_background_color: '',\n\t\t\t\t\t\t\t\tinfobox_styling: 'default',\n\t\t\t\t\t\t\t\tinfobox_text_color: '',\n\t\t\t\t\t\t\t\tmap_style: 'default',\n\t\t\t\t\t\t\t\tmap_type: 'roadmap',\n\t\t\t\t\t\t\t\tmarker_icon: '',\n\t\t\t\t\t\t\t\toverlay_color: '',\n\t\t\t\t\t\t\t\toverlay_color_hsl: {\"hue\":0,\"sat\":0,\"lum\":100},\n\t\t\t\t\t\t\t\tshow_address: true,\n\t\t\t\t\t\t\t\tscale_control: true,\n\t\t\t\t\t\t\t\tscrollwheel: true,\n\t\t\t\t\t\t\t\tzoom: 15,\n\t\t\t\t\t\t\t\tzoom_control: true,\n\t\t\t\t\t\t\t} );\n\t\t\t\t\t\t}\n\n\t\t\t\t\t\tgoogle.maps.event.addDomListener(window, 'load', fusion_run_map_fusion_map_69d54674e5008);\n\t\t\t\t\t<\/script>\n\t\t\t\t\t<div class=\"shortcode-map fusion-google-map fusion-maps-js-type\" id=\"fusion_map_69d54674e5008\"><\/div><\/div><\/div><\/div><\/div><\/p>\n","protected":false},"excerpt":{"rendered":"","protected":false},"author":2,"featured_media":2661,"parent":0,"menu_order":0,"comment_status":"open","ping_status":"closed","template":"","meta":{"footnotes":""},"class_list":["post-2619","page","type-page","status-publish","has-post-thumbnail","hentry"],"_links":{"self":[{"href":"https:\/\/casatraca.com\/pt-pt\/wp-json\/wp\/v2\/pages\/2619","targetHints":{"allow":["GET"]}}],"collection":[{"href":"https:\/\/casatraca.com\/pt-pt\/wp-json\/wp\/v2\/pages"}],"about":[{"href":"https:\/\/casatraca.com\/pt-pt\/wp-json\/wp\/v2\/types\/page"}],"author":[{"embeddable":true,"href":"https:\/\/casatraca.com\/pt-pt\/wp-json\/wp\/v2\/users\/2"}],"replies":[{"embeddable":true,"href":"https:\/\/casatraca.com\/pt-pt\/wp-json\/wp\/v2\/comments?post=2619"}],"version-history":[{"count":0,"href":"https:\/\/casatraca.com\/pt-pt\/wp-json\/wp\/v2\/pages\/2619\/revisions"}],"wp:featuredmedia":[{"embeddable":true,"href":"https:\/\/casatraca.com\/pt-pt\/wp-json\/wp\/v2\/media\/2661"}],"wp:attachment":[{"href":"https:\/\/casatraca.com\/pt-pt\/wp-json\/wp\/v2\/media?parent=2619"}],"curies":[{"name":"wp","href":"https:\/\/api.w.org\/{rel}","templated":true}]}}