{"id":125,"date":"2015-08-16T13:58:43","date_gmt":"2015-08-16T12:58:43","guid":{"rendered":"https:\/\/casatraca.com\/?page_id=125"},"modified":"2021-01-16T22:09:15","modified_gmt":"2021-01-16T21:09:15","slug":"torre-piodao-fraga-da-pena","status":"publish","type":"page","link":"https:\/\/casatraca.com\/en\/things-to-do\/torre-piodao-fraga-da-pena\/","title":{"rendered":"Surroundings: Torre &#8211; Pi\u00f3d\u00e3o &#8211; Fraga da Pena"},"content":{"rendered":"<div class=\"fusion-fullwidth fullwidth-box fusion-builder-row-1 fusion-flex-container nonhundred-percent-fullwidth non-hundred-percent-height-scrolling\" style=\"--awb-border-radius-top-left:0px;--awb-border-radius-top-right:0px;--awb-border-radius-bottom-right:0px;--awb-border-radius-bottom-left:0px;--awb-flex-wrap:wrap;\" ><div class=\"fusion-builder-row fusion-row fusion-flex-align-items-flex-start fusion-flex-content-wrap\" style=\"max-width:1248px;margin-left: calc(-4% \/ 2 );margin-right: calc(-4% \/ 2 );\"><div class=\"fusion-layout-column fusion_builder_column fusion-builder-column-0 fusion_builder_column_1_1 1_1 fusion-flex-column\" style=\"--awb-bg-size:cover;--awb-width-large:100%;--awb-margin-top-large:0px;--awb-spacing-right-large:1.92%;--awb-margin-bottom-large:0px;--awb-spacing-left-large:1.92%;--awb-width-medium:100%;--awb-spacing-right-medium:1.92%;--awb-spacing-left-medium:1.92%;--awb-width-small:100%;--awb-spacing-right-small:1.92%;--awb-spacing-left-small:1.92%;\"><div class=\"fusion-column-wrapper fusion-flex-justify-content-flex-start fusion-content-layout-column\"><div class=\"fusion-text fusion-text-1\"><h2>P\u00edod\u00e3o, Foz d&#8217;egua and Fraga da Pena<\/h2>\n<h2>But first the Torre<\/h2>\n<p>P\u00edod\u00e3o &#8230;&#8230;. In the area of \u200b\u200bour B &amp; B you will find the brown signs to this tourist attraction.<br \/>\nSpend a day in the mountains, on the highest point of mainland Portugal, The Torre. The Torre is the highest point (1993 m) of the Serra da Estrela. The Torre is not a striking mountain peak, but the flattened highest point of a ridge. Exactly at the highest point of the Torre is a geodic signal.<\/p>\n<p>The Torre is unusual for a mountain top, easily accessible via a paved road. It is wonderful to walk and cycle, but also a popular ski area in winter. At the Torre are beautiful mountain lakes with meltwater well into the spring and there is also Lagoa Comprida, a large reservoir. The Alva, Z\u00eazere and Mondego rivers originate in the Serra da Estrela.<\/p>\n<p>Visit Pi\u00f3d\u00e3o 224 inhabitants (2001) in the Serra do A\u00e7or. Almost all houses are built of slate, which is unique in this region of Portugal. Pi\u00f3d\u00e3o has been a historic landmark since 1994, Aldeia Hist\u00f3rica. Don&#8217;t forget to buy a delicious liqueur, such as the chestnut liqueur, in this special village. Combine a visit to P\u00edod\u00e3o with a walk to Foz d&#8217;egua, a special praia fluvial. An old Roman river beach with bridges and rocks. Here, too, the chapel is of course not missing, on the way up comes surprising things.<\/p>\n<p>You can also cool off in one of the many larger or smaller waterfalls in the area, such as Fraga da Pena, a 20-minute drive from Casa Traca. Or the slightly further away Poca da Broca on the other side of the Serra da Estrela.<\/p>\n<h3>Arganil and Tabua<\/h3>\n<p>Of course you can also look closer to Casa Traca: Arganil and Tabua. Arganil is a fairly large place with a lot to do in the summer months, but also in the low season it is wonderful to sit on one of the terraces or in the park. During the summer months there are often festivals in both places and other activities. Tabua is a 20-minute drive past charming authentic Portuguese villages. Take a turn and just follow the road.<\/p>\n<div class=\"video-shortcode\"><iframe title=\"Arganil  - Um lugar para os sentidos (v\u00eddeo promoc\" width=\"1200\" height=\"675\" src=\"https:\/\/www.youtube.com\/embed\/kgAuX9pE1Gk?feature=oembed\" frameborder=\"0\" allow=\"accelerometer; autoplay; clipboard-write; encrypted-media; gyroscope; picture-in-picture\" allowfullscreen><\/iframe><\/div>\n<div class=\"video-shortcode\"><iframe title=\"Video Promocional do Concelho de T\u00e1bua\" width=\"1200\" height=\"675\" src=\"https:\/\/www.youtube.com\/embed\/RaUCyEmw2QI?feature=oembed\" frameborder=\"0\" allow=\"accelerometer; autoplay; clipboard-write; encrypted-media; gyroscope; picture-in-picture\" allowfullscreen><\/iframe><\/div>\n<p>You can read more at the website of the <a href=\"https:\/\/www.cm-arganil.pt\/visitar\/o-que-visitar\/\" data-schema-attribute=\"\" target=\"_blank\" rel=\"noopener\">municipality of Arganil<\/a> and\u00a0<a href=\"https:\/\/casatraca.com\/serra-da-estrela\/\" target=\"_blank\" rel=\"noopener noreferrer\" data-schema-attribute=\"\">Serra da Estrela and Torre<\/a><\/p>\n<\/div><\/div><\/div><\/div><\/div>\n","protected":false},"excerpt":{"rendered":"","protected":false},"author":2,"featured_media":163,"parent":14,"menu_order":4,"comment_status":"closed","ping_status":"closed","template":"","meta":{"footnotes":""},"class_list":["post-125","page","type-page","status-publish","has-post-thumbnail","hentry"],"_links":{"self":[{"href":"https:\/\/casatraca.com\/en\/wp-json\/wp\/v2\/pages\/125","targetHints":{"allow":["GET"]}}],"collection":[{"href":"https:\/\/casatraca.com\/en\/wp-json\/wp\/v2\/pages"}],"about":[{"href":"https:\/\/casatraca.com\/en\/wp-json\/wp\/v2\/types\/page"}],"author":[{"embeddable":true,"href":"https:\/\/casatraca.com\/en\/wp-json\/wp\/v2\/users\/2"}],"replies":[{"embeddable":true,"href":"https:\/\/casatraca.com\/en\/wp-json\/wp\/v2\/comments?post=125"}],"version-history":[{"count":0,"href":"https:\/\/casatraca.com\/en\/wp-json\/wp\/v2\/pages\/125\/revisions"}],"up":[{"embeddable":true,"href":"https:\/\/casatraca.com\/en\/wp-json\/wp\/v2\/pages\/14"}],"wp:featuredmedia":[{"embeddable":true,"href":"https:\/\/casatraca.com\/en\/wp-json\/wp\/v2\/media\/163"}],"wp:attachment":[{"href":"https:\/\/casatraca.com\/en\/wp-json\/wp\/v2\/media?parent=125"}],"curies":[{"name":"wp","href":"https:\/\/api.w.org\/{rel}","templated":true}]}}